{"id":2801,"date":"2022-01-25T12:04:53","date_gmt":"2022-01-25T12:04:53","guid":{"rendered":"https:\/\/soida.co.ao\/?page_id=2801"},"modified":"2022-01-25T16:22:43","modified_gmt":"2022-01-25T16:22:43","slug":"gallery","status":"publish","type":"page","link":"https:\/\/soida.co.ao\/en\/gallery\/","title":{"rendered":"Gallery"},"content":{"rendered":"\t\t<div data-elementor-type=\"wp-page\" data-elementor-id=\"2801\" class=\"elementor elementor-2801 elementor-2800\">\n\t\t\t\t\t\t\t\t\t<section class=\"elementor-section elementor-top-section elementor-element elementor-element-f2815d5 elementor-section-boxed elementor-section-height-default elementor-section-height-default\" data-id=\"f2815d5\" data-element_type=\"section\">\n\t\t\t\t\t\t<div class=\"elementor-container elementor-column-gap-default\">\n\t\t\t\t\t<div class=\"elementor-column elementor-col-100 elementor-top-column elementor-element elementor-element-c30a39c\" data-id=\"c30a39c\" data-element_type=\"column\">\n\t\t\t<div class=\"elementor-widget-wrap elementor-element-populated\">\n\t\t\t\t\t\t\t\t<div class=\"elementor-element elementor-element-fa65811 elementor-widget elementor-widget-opal-image-gallery\" data-id=\"fa65811\" data-element_type=\"widget\" data-widget_type=\"opal-image-gallery.default\">\n\t\t\t\t<div class=\"elementor-widget-container\">\n\t\t\t\n        <div class=\"elementor-opal-image-gallery\">\n            <div class=\"row grid isotope-grid active-infinite-scroll\" data-elementor-columns=\"2\">\n                                            <div class=\"column-item grid__item masonry-item __all gallery_group_0\">\n                                <a data-elementor-open-lightbox=\"no\"                                    href=\"https:\/\/soida.co.ao\/wp-content\/uploads\/2022\/01\/soida-galeria-01.jpeg\">\n                                    <img decoding=\"async\" src=\"https:\/\/soida.co.ao\/wp-content\/uploads\/2022\/01\/soida-galeria-01.jpeg\"\n                                         alt=\"soida-galeria-01\"\/>\n                                    <div class=\"gallery-item-overlay\">\n                                        <i class=\"opal-icon-plus\"><\/i>\n                                    <\/div>\n                                <\/a>\n                            <\/div>\n                                                        <div class=\"column-item grid__item masonry-item __all gallery_group_0\">\n                                <a data-elementor-open-lightbox=\"no\"                                    href=\"https:\/\/soida.co.ao\/wp-content\/uploads\/2022\/01\/soida-galeria-02.jpeg\">\n                                    <img decoding=\"async\" src=\"https:\/\/soida.co.ao\/wp-content\/uploads\/2022\/01\/soida-galeria-02.jpeg\"\n                                         alt=\"soida-galeria-02\"\/>\n                                    <div class=\"gallery-item-overlay\">\n                                        <i class=\"opal-icon-plus\"><\/i>\n                                    <\/div>\n                                <\/a>\n                            <\/div>\n                                                        <div class=\"column-item grid__item masonry-item __all gallery_group_0\">\n                                <a data-elementor-open-lightbox=\"no\"                                    href=\"https:\/\/soida.co.ao\/wp-content\/uploads\/2022\/01\/soida-galeria-03.jpeg\">\n                                    <img decoding=\"async\" src=\"https:\/\/soida.co.ao\/wp-content\/uploads\/2022\/01\/soida-galeria-03.jpeg\"\n                                         alt=\"soida-galeria-03\"\/>\n                                    <div class=\"gallery-item-overlay\">\n                                        <i class=\"opal-icon-plus\"><\/i>\n                                    <\/div>\n                                <\/a>\n                            <\/div>\n                                        <\/div> \n        <\/div>\n\n                    <div class=\"gallery-item-load\" data-gallery=\"[]\"><\/div>\n            \t\t<\/div>\n\t\t\t\t<\/div>\n\t\t\t\t\t<\/div>\n\t\t<\/div>\n\t\t\t\t\t\t\t<\/div>\n\t\t<\/section>\n\t\t\t\t<section class=\"elementor-section elementor-top-section elementor-element elementor-element-15c712c elementor-section-boxed elementor-section-height-default elementor-section-height-default\" data-id=\"15c712c\" data-element_type=\"section\">\n\t\t\t\t\t\t<div class=\"elementor-container elementor-column-gap-default\">\n\t\t\t\t\t<div class=\"elementor-column elementor-col-33 elementor-top-column elementor-element elementor-element-4066b72\" data-id=\"4066b72\" data-element_type=\"column\">\n\t\t\t<div class=\"elementor-widget-wrap elementor-element-populated\">\n\t\t\t\t\t\t\t\t<div class=\"elementor-element elementor-element-c5bf3d1 elementor-widget elementor-widget-video\" data-id=\"c5bf3d1\" data-element_type=\"widget\" data-settings=\"{&quot;video_type&quot;:&quot;hosted&quot;,&quot;controls&quot;:&quot;yes&quot;}\" data-widget_type=\"video.default\">\n\t\t\t\t<div class=\"elementor-widget-container\">\n\t\t\t\t\t<div class=\"e-hosted-video elementor-wrapper elementor-open-inline\">\n\t\t\t\t\t<video class=\"elementor-video\" src=\"https:\/\/soida.co.ao\/wp-content\/uploads\/2022\/01\/soida-video-01.mp4\" controls=\"\" preload=\"metadata\" controlsList=\"nodownload\"><\/video>\n\t\t\t\t<\/div>\n\t\t\t\t<\/div>\n\t\t\t\t<\/div>\n\t\t\t\t\t<\/div>\n\t\t<\/div>\n\t\t\t\t<div class=\"elementor-column elementor-col-33 elementor-top-column elementor-element elementor-element-c3398f1\" data-id=\"c3398f1\" data-element_type=\"column\">\n\t\t\t<div class=\"elementor-widget-wrap elementor-element-populated\">\n\t\t\t\t\t\t\t\t<div class=\"elementor-element elementor-element-c813206 elementor-widget elementor-widget-video\" data-id=\"c813206\" data-element_type=\"widget\" data-settings=\"{&quot;video_type&quot;:&quot;hosted&quot;,&quot;controls&quot;:&quot;yes&quot;}\" data-widget_type=\"video.default\">\n\t\t\t\t<div class=\"elementor-widget-container\">\n\t\t\t\t\t<div class=\"e-hosted-video elementor-wrapper elementor-open-inline\">\n\t\t\t\t\t<video class=\"elementor-video\" src=\"https:\/\/soida.co.ao\/wp-content\/uploads\/2022\/01\/soida-video-02.mp4\" controls=\"\" preload=\"metadata\" controlsList=\"nodownload\"><\/video>\n\t\t\t\t<\/div>\n\t\t\t\t<\/div>\n\t\t\t\t<\/div>\n\t\t\t\t\t<\/div>\n\t\t<\/div>\n\t\t\t\t<div class=\"elementor-column elementor-col-33 elementor-top-column elementor-element elementor-element-387a276\" data-id=\"387a276\" data-element_type=\"column\">\n\t\t\t<div class=\"elementor-widget-wrap\">\n\t\t\t\t\t\t\t\t\t<\/div>\n\t\t<\/div>\n\t\t\t\t\t\t\t<\/div>\n\t\t<\/section>\n\t\t\t\t\t\t\t<\/div>\n\t\t","protected":false},"excerpt":{"rendered":"<p>https:\/\/soida.co.ao\/wp-content\/uploads\/2022\/01\/soida-video-01.mp4https:\/\/soida.co.ao\/wp-content\/uploads\/2022\/01\/soida-video-02.mp4<\/p>\n","protected":false},"author":1,"featured_media":0,"parent":0,"menu_order":0,"comment_status":"closed","ping_status":"closed","template":"page-elementor.php","meta":{"inline_featured_image":false,"footnotes":""},"class_list":["post-2801","page","type-page","status-publish","hentry"],"yoast_head":"<!-- This site is optimized with the Yoast SEO plugin v25.3.1 - https:\/\/yoast.com\/wordpress\/plugins\/seo\/ -->\n<title>Soida - Transforma\u00e7\u00e3o de Betume e Produ\u00e7\u00e3o de Derivados de Asf\u00e1lticos<\/title>\n<meta name=\"robots\" content=\"index, follow, max-snippet:-1, max-image-preview:large, max-video-preview:-1\" \/>\n<link rel=\"canonical\" href=\"https:\/\/soida.co.ao\/en\/gallery\/\" \/>\n<meta property=\"og:locale\" content=\"en_US\" \/>\n<meta property=\"og:type\" content=\"article\" \/>\n<meta property=\"og:title\" content=\"Soida - Transforma\u00e7\u00e3o de Betume e Produ\u00e7\u00e3o de Derivados de Asf\u00e1lticos\" \/>\n<meta property=\"og:description\" content=\"https:\/\/soida.co.ao\/wp-content\/uploads\/2022\/01\/soida-video-01.mp4https:\/\/soida.co.ao\/wp-content\/uploads\/2022\/01\/soida-video-02.mp4\" \/>\n<meta property=\"og:url\" content=\"https:\/\/soida.co.ao\/en\/gallery\/\" \/>\n<meta property=\"og:site_name\" content=\"Soida\" \/>\n<meta property=\"article:modified_time\" content=\"2022-01-25T16:22:43+00:00\" \/>\n<meta property=\"og:image\" content=\"https:\/\/soida.co.ao\/wp-content\/uploads\/2022\/01\/soida-galeria-01.jpeg\" \/>\n<meta name=\"twitter:card\" content=\"summary_large_image\" \/>\n<meta name=\"twitter:label1\" content=\"Est. reading time\" \/>\n\t<meta name=\"twitter:data1\" content=\"1 minute\" \/>\n<script type=\"application\/ld+json\" class=\"yoast-schema-graph\">{\"@context\":\"https:\/\/schema.org\",\"@graph\":[{\"@type\":\"WebPage\",\"@id\":\"https:\/\/soida.co.ao\/en\/gallery\/\",\"url\":\"https:\/\/soida.co.ao\/en\/gallery\/\",\"name\":\"Soida - Transforma\u00e7\u00e3o de Betume e Produ\u00e7\u00e3o de Derivados de Asf\u00e1lticos\",\"isPartOf\":{\"@id\":\"https:\/\/soida.co.ao\/en\/#website\"},\"primaryImageOfPage\":{\"@id\":\"https:\/\/soida.co.ao\/en\/gallery\/#primaryimage\"},\"image\":{\"@id\":\"https:\/\/soida.co.ao\/en\/gallery\/#primaryimage\"},\"thumbnailUrl\":\"https:\/\/soida.co.ao\/wp-content\/uploads\/2022\/01\/soida-galeria-01.jpeg\",\"datePublished\":\"2022-01-25T12:04:53+00:00\",\"dateModified\":\"2022-01-25T16:22:43+00:00\",\"breadcrumb\":{\"@id\":\"https:\/\/soida.co.ao\/en\/gallery\/#breadcrumb\"},\"inLanguage\":\"en-US\",\"potentialAction\":[{\"@type\":\"ReadAction\",\"target\":[\"https:\/\/soida.co.ao\/en\/gallery\/\"]}]},{\"@type\":\"ImageObject\",\"inLanguage\":\"en-US\",\"@id\":\"https:\/\/soida.co.ao\/en\/gallery\/#primaryimage\",\"url\":\"https:\/\/soida.co.ao\/wp-content\/uploads\/2022\/01\/soida-galeria-01.jpeg\",\"contentUrl\":\"https:\/\/soida.co.ao\/wp-content\/uploads\/2022\/01\/soida-galeria-01.jpeg\"},{\"@type\":\"BreadcrumbList\",\"@id\":\"https:\/\/soida.co.ao\/en\/gallery\/#breadcrumb\",\"itemListElement\":[{\"@type\":\"ListItem\",\"position\":1,\"name\":\"In\u00edcio\",\"item\":\"https:\/\/soida.co.ao\/en\/\"},{\"@type\":\"ListItem\",\"position\":2,\"name\":\"Gallery\"}]},{\"@type\":\"WebSite\",\"@id\":\"https:\/\/soida.co.ao\/en\/#website\",\"url\":\"https:\/\/soida.co.ao\/en\/\",\"name\":\"Soida\",\"description\":\"Transforma\u00e7\u00e3o de Betume e Produ\u00e7\u00e3o de Derivados de Asf\u00e1lticos\",\"publisher\":{\"@id\":\"https:\/\/soida.co.ao\/en\/#organization\"},\"potentialAction\":[{\"@type\":\"SearchAction\",\"target\":{\"@type\":\"EntryPoint\",\"urlTemplate\":\"https:\/\/soida.co.ao\/en\/?s={search_term_string}\"},\"query-input\":{\"@type\":\"PropertyValueSpecification\",\"valueRequired\":true,\"valueName\":\"search_term_string\"}}],\"inLanguage\":\"en-US\"},{\"@type\":\"Organization\",\"@id\":\"https:\/\/soida.co.ao\/en\/#organization\",\"name\":\"Soida\",\"url\":\"https:\/\/soida.co.ao\/en\/\",\"logo\":{\"@type\":\"ImageObject\",\"inLanguage\":\"en-US\",\"@id\":\"https:\/\/soida.co.ao\/en\/#\/schema\/logo\/image\/\",\"url\":\"https:\/\/soida.co.ao\/wp-content\/uploads\/2021\/04\/logo_soida.png\",\"contentUrl\":\"https:\/\/soida.co.ao\/wp-content\/uploads\/2021\/04\/logo_soida.png\",\"width\":1182,\"height\":338,\"caption\":\"Soida\"},\"image\":{\"@id\":\"https:\/\/soida.co.ao\/en\/#\/schema\/logo\/image\/\"}}]}<\/script>\n<!-- \/ Yoast SEO plugin. -->","yoast_head_json":{"title":"Soida - Transforma\u00e7\u00e3o de Betume e Produ\u00e7\u00e3o de Derivados de Asf\u00e1lticos","robots":{"index":"index","follow":"follow","max-snippet":"max-snippet:-1","max-image-preview":"max-image-preview:large","max-video-preview":"max-video-preview:-1"},"canonical":"https:\/\/soida.co.ao\/en\/gallery\/","og_locale":"en_US","og_type":"article","og_title":"Soida - Transforma\u00e7\u00e3o de Betume e Produ\u00e7\u00e3o de Derivados de Asf\u00e1lticos","og_description":"https:\/\/soida.co.ao\/wp-content\/uploads\/2022\/01\/soida-video-01.mp4https:\/\/soida.co.ao\/wp-content\/uploads\/2022\/01\/soida-video-02.mp4","og_url":"https:\/\/soida.co.ao\/en\/gallery\/","og_site_name":"Soida","article_modified_time":"2022-01-25T16:22:43+00:00","og_image":[{"url":"https:\/\/soida.co.ao\/wp-content\/uploads\/2022\/01\/soida-galeria-01.jpeg","type":"","width":"","height":""}],"twitter_card":"summary_large_image","twitter_misc":{"Est. reading time":"1 minute"},"schema":{"@context":"https:\/\/schema.org","@graph":[{"@type":"WebPage","@id":"https:\/\/soida.co.ao\/en\/gallery\/","url":"https:\/\/soida.co.ao\/en\/gallery\/","name":"Soida - Transforma\u00e7\u00e3o de Betume e Produ\u00e7\u00e3o de Derivados de Asf\u00e1lticos","isPartOf":{"@id":"https:\/\/soida.co.ao\/en\/#website"},"primaryImageOfPage":{"@id":"https:\/\/soida.co.ao\/en\/gallery\/#primaryimage"},"image":{"@id":"https:\/\/soida.co.ao\/en\/gallery\/#primaryimage"},"thumbnailUrl":"https:\/\/soida.co.ao\/wp-content\/uploads\/2022\/01\/soida-galeria-01.jpeg","datePublished":"2022-01-25T12:04:53+00:00","dateModified":"2022-01-25T16:22:43+00:00","breadcrumb":{"@id":"https:\/\/soida.co.ao\/en\/gallery\/#breadcrumb"},"inLanguage":"en-US","potentialAction":[{"@type":"ReadAction","target":["https:\/\/soida.co.ao\/en\/gallery\/"]}]},{"@type":"ImageObject","inLanguage":"en-US","@id":"https:\/\/soida.co.ao\/en\/gallery\/#primaryimage","url":"https:\/\/soida.co.ao\/wp-content\/uploads\/2022\/01\/soida-galeria-01.jpeg","contentUrl":"https:\/\/soida.co.ao\/wp-content\/uploads\/2022\/01\/soida-galeria-01.jpeg"},{"@type":"BreadcrumbList","@id":"https:\/\/soida.co.ao\/en\/gallery\/#breadcrumb","itemListElement":[{"@type":"ListItem","position":1,"name":"In\u00edcio","item":"https:\/\/soida.co.ao\/en\/"},{"@type":"ListItem","position":2,"name":"Gallery"}]},{"@type":"WebSite","@id":"https:\/\/soida.co.ao\/en\/#website","url":"https:\/\/soida.co.ao\/en\/","name":"Soida","description":"Transforma\u00e7\u00e3o de Betume e Produ\u00e7\u00e3o de Derivados de Asf\u00e1lticos","publisher":{"@id":"https:\/\/soida.co.ao\/en\/#organization"},"potentialAction":[{"@type":"SearchAction","target":{"@type":"EntryPoint","urlTemplate":"https:\/\/soida.co.ao\/en\/?s={search_term_string}"},"query-input":{"@type":"PropertyValueSpecification","valueRequired":true,"valueName":"search_term_string"}}],"inLanguage":"en-US"},{"@type":"Organization","@id":"https:\/\/soida.co.ao\/en\/#organization","name":"Soida","url":"https:\/\/soida.co.ao\/en\/","logo":{"@type":"ImageObject","inLanguage":"en-US","@id":"https:\/\/soida.co.ao\/en\/#\/schema\/logo\/image\/","url":"https:\/\/soida.co.ao\/wp-content\/uploads\/2021\/04\/logo_soida.png","contentUrl":"https:\/\/soida.co.ao\/wp-content\/uploads\/2021\/04\/logo_soida.png","width":1182,"height":338,"caption":"Soida"},"image":{"@id":"https:\/\/soida.co.ao\/en\/#\/schema\/logo\/image\/"}}]}},"_links":{"self":[{"href":"https:\/\/soida.co.ao\/en\/wp-json\/wp\/v2\/pages\/2801","targetHints":{"allow":["GET"]}}],"collection":[{"href":"https:\/\/soida.co.ao\/en\/wp-json\/wp\/v2\/pages"}],"about":[{"href":"https:\/\/soida.co.ao\/en\/wp-json\/wp\/v2\/types\/page"}],"author":[{"embeddable":true,"href":"https:\/\/soida.co.ao\/en\/wp-json\/wp\/v2\/users\/1"}],"replies":[{"embeddable":true,"href":"https:\/\/soida.co.ao\/en\/wp-json\/wp\/v2\/comments?post=2801"}],"version-history":[{"count":3,"href":"https:\/\/soida.co.ao\/en\/wp-json\/wp\/v2\/pages\/2801\/revisions"}],"predecessor-version":[{"id":2881,"href":"https:\/\/soida.co.ao\/en\/wp-json\/wp\/v2\/pages\/2801\/revisions\/2881"}],"wp:attachment":[{"href":"https:\/\/soida.co.ao\/en\/wp-json\/wp\/v2\/media?parent=2801"}],"curies":[{"name":"wp","href":"https:\/\/api.w.org\/{rel}","templated":true}]}}