{"id":1769,"date":"2021-12-09T15:40:32","date_gmt":"2021-12-09T15:40:32","guid":{"rendered":"https:\/\/soida.co.ao\/asphalt-slurries\/"},"modified":"2021-12-09T15:59:43","modified_gmt":"2021-12-09T15:59:43","slug":"asphalt-sludge","status":"publish","type":"page","link":"https:\/\/soida.co.ao\/en\/asphalt-sludge\/","title":{"rendered":"Asphalt Sludge"},"content":{"rendered":"\t\t<div data-elementor-type=\"wp-page\" data-elementor-id=\"1769\" class=\"elementor elementor-1769 elementor-1762\">\n\t\t\t\t\t\t\t\t\t<section class=\"elementor-section elementor-top-section elementor-element elementor-element-1556dc2f elementor-section-boxed elementor-section-height-default elementor-section-height-default\" data-id=\"1556dc2f\" data-element_type=\"section\">\n\t\t\t\t\t\t<div class=\"elementor-container elementor-column-gap-default\">\n\t\t\t\t\t<div class=\"elementor-column elementor-col-100 elementor-top-column elementor-element elementor-element-1b03300a\" data-id=\"1b03300a\" data-element_type=\"column\">\n\t\t\t<div class=\"elementor-widget-wrap elementor-element-populated\">\n\t\t\t\t\t\t\t\t<div class=\"elementor-element elementor-element-325bc5b2 elementor-widget elementor-widget-text-editor\" data-id=\"325bc5b2\" data-element_type=\"widget\" data-widget_type=\"text-editor.default\">\n\t\t\t\t<div class=\"elementor-widget-container\">\n\t\t\t        <div class=\"elementor-text-editor elementor-clearfix\"><p>Asphalt slurries or Slurry seals are suitable for predicting and correcting road problems and applying aesthetic treatments. <strong style=\"font-weight: 500;\">Its main applications are to carry out treatments such as sealing and waterproofing aged pavement and improving the surface roughness of sliding pavements.<\/strong><\/p>\n<p>Asphalt slurries or Slurry Seal are mixtures manufactured at room temperature with bituminous emulsion, mineral aggregates, water, mineral-based fillers and eventual additives with adequate consistency to be used on site. These materials allow low-cost, high-yield treatments and are quick to use, as the treated route is immediately put into service.<\/p>\n<p>This product has a relatively fluid consistency, allowing easy application on the floor surface. However, as it hardens, its cohesion and hardness increase, thus providing a surface resistant to the abrasive action of traffic.<\/p>\n<\/div>\n        \t\t<\/div>\n\t\t\t\t<\/div>\n\t\t\t\t<div class=\"elementor-element elementor-element-3c606778 elementor-align-center elementor-button-primary elementor-widget elementor-widget-button\" data-id=\"3c606778\" data-element_type=\"widget\" data-widget_type=\"button.default\">\n\t\t\t\t<div class=\"elementor-widget-container\">\n\t\t\t        <div class=\"elementor-button-wrapper\">\n            <a href=\"https:\/\/soida.co.ao\/en\/contacts\/\" class=\"elementor-button-link elementor-button elementor-size-md\" role=\"button\">\n                \t\t<span class=\"elementor-button-content-wrapper\">\n\t\t\t\t\t\t<span class=\"elementor-button-text\">Contacts<\/span>\n\t\t<\/span>\n\t\t            <\/a>\n        <\/div>\n        \t\t<\/div>\n\t\t\t\t<\/div>\n\t\t\t\t\t<\/div>\n\t\t<\/div>\n\t\t\t\t\t\t\t<\/div>\n\t\t<\/section>\n\t\t\t\t\t\t\t<\/div>\n\t\t","protected":false},"excerpt":{"rendered":"<p>Asphalt slurries or Slurry seals are suitable for predicting and correcting road problems and applying aesthetic treatments. Its main applications are to carry out treatments such as sealing and waterproofing aged pavement and improving the surface roughness of sliding pavements. Asphalt slurries or Slurry Seal are mixtures manufactured at room temperature with bituminous emulsion, mineral &hellip; <\/p>\n<p class=\"link-more\"><a href=\"https:\/\/soida.co.ao\/en\/asphalt-sludge\/\" class=\"more-link\">Read More <i class=\"opal-icon-long-arrow-right\"><\/i><span class=\"screen-reader-text\"> &#8220;Asphalt Sludge&#8221;<\/span><\/a><\/p>\n","protected":false},"author":1,"featured_media":0,"parent":0,"menu_order":0,"comment_status":"closed","ping_status":"closed","template":"","meta":{"inline_featured_image":false,"footnotes":""},"class_list":["post-1769","page","type-page","status-publish","hentry"],"yoast_head":"<!-- This site is optimized with the Yoast SEO plugin v25.3.1 - https:\/\/yoast.com\/wordpress\/plugins\/seo\/ -->\n<title>Asphalt Sludge - Soida<\/title>\n<meta name=\"robots\" content=\"index, follow, max-snippet:-1, max-image-preview:large, max-video-preview:-1\" \/>\n<link rel=\"canonical\" href=\"https:\/\/soida.co.ao\/en\/asphalt-sludge\/\" \/>\n<meta property=\"og:locale\" content=\"en_US\" \/>\n<meta property=\"og:type\" content=\"article\" \/>\n<meta property=\"og:title\" content=\"Asphalt Sludge - Soida\" \/>\n<meta property=\"og:description\" content=\"Asphalt slurries or Slurry seals are suitable for predicting and correcting road problems and applying aesthetic treatments. Its main applications are to carry out treatments such as sealing and waterproofing aged pavement and improving the surface roughness of sliding pavements. Asphalt slurries or Slurry Seal are mixtures manufactured at room temperature with bituminous emulsion, mineral &hellip; Read More &quot;Asphalt Sludge&quot;\" \/>\n<meta property=\"og:url\" content=\"https:\/\/soida.co.ao\/en\/asphalt-sludge\/\" \/>\n<meta property=\"og:site_name\" content=\"Soida\" \/>\n<meta property=\"article:modified_time\" content=\"2021-12-09T15:59:43+00:00\" \/>\n<meta name=\"twitter:card\" content=\"summary_large_image\" \/>\n<meta name=\"twitter:label1\" content=\"Est. reading time\" \/>\n\t<meta name=\"twitter:data1\" content=\"1 minute\" \/>\n<script type=\"application\/ld+json\" class=\"yoast-schema-graph\">{\"@context\":\"https:\/\/schema.org\",\"@graph\":[{\"@type\":\"WebPage\",\"@id\":\"https:\/\/soida.co.ao\/en\/asphalt-sludge\/\",\"url\":\"https:\/\/soida.co.ao\/en\/asphalt-sludge\/\",\"name\":\"Asphalt Sludge - Soida\",\"isPartOf\":{\"@id\":\"https:\/\/soida.co.ao\/en\/#website\"},\"datePublished\":\"2021-12-09T15:40:32+00:00\",\"dateModified\":\"2021-12-09T15:59:43+00:00\",\"breadcrumb\":{\"@id\":\"https:\/\/soida.co.ao\/en\/asphalt-sludge\/#breadcrumb\"},\"inLanguage\":\"en-US\",\"potentialAction\":[{\"@type\":\"ReadAction\",\"target\":[\"https:\/\/soida.co.ao\/en\/asphalt-sludge\/\"]}]},{\"@type\":\"BreadcrumbList\",\"@id\":\"https:\/\/soida.co.ao\/en\/asphalt-sludge\/#breadcrumb\",\"itemListElement\":[{\"@type\":\"ListItem\",\"position\":1,\"name\":\"In\u00edcio\",\"item\":\"https:\/\/soida.co.ao\/en\/\"},{\"@type\":\"ListItem\",\"position\":2,\"name\":\"Asphalt Sludge\"}]},{\"@type\":\"WebSite\",\"@id\":\"https:\/\/soida.co.ao\/en\/#website\",\"url\":\"https:\/\/soida.co.ao\/en\/\",\"name\":\"Soida\",\"description\":\"Transforma\u00e7\u00e3o de Betume e Produ\u00e7\u00e3o de Derivados de Asf\u00e1lticos\",\"publisher\":{\"@id\":\"https:\/\/soida.co.ao\/en\/#organization\"},\"potentialAction\":[{\"@type\":\"SearchAction\",\"target\":{\"@type\":\"EntryPoint\",\"urlTemplate\":\"https:\/\/soida.co.ao\/en\/?s={search_term_string}\"},\"query-input\":{\"@type\":\"PropertyValueSpecification\",\"valueRequired\":true,\"valueName\":\"search_term_string\"}}],\"inLanguage\":\"en-US\"},{\"@type\":\"Organization\",\"@id\":\"https:\/\/soida.co.ao\/en\/#organization\",\"name\":\"Soida\",\"url\":\"https:\/\/soida.co.ao\/en\/\",\"logo\":{\"@type\":\"ImageObject\",\"inLanguage\":\"en-US\",\"@id\":\"https:\/\/soida.co.ao\/en\/#\/schema\/logo\/image\/\",\"url\":\"https:\/\/soida.co.ao\/wp-content\/uploads\/2021\/04\/logo_soida.png\",\"contentUrl\":\"https:\/\/soida.co.ao\/wp-content\/uploads\/2021\/04\/logo_soida.png\",\"width\":1182,\"height\":338,\"caption\":\"Soida\"},\"image\":{\"@id\":\"https:\/\/soida.co.ao\/en\/#\/schema\/logo\/image\/\"}}]}<\/script>\n<!-- \/ Yoast SEO plugin. -->","yoast_head_json":{"title":"Asphalt Sludge - Soida","robots":{"index":"index","follow":"follow","max-snippet":"max-snippet:-1","max-image-preview":"max-image-preview:large","max-video-preview":"max-video-preview:-1"},"canonical":"https:\/\/soida.co.ao\/en\/asphalt-sludge\/","og_locale":"en_US","og_type":"article","og_title":"Asphalt Sludge - Soida","og_description":"Asphalt slurries or Slurry seals are suitable for predicting and correcting road problems and applying aesthetic treatments. Its main applications are to carry out treatments such as sealing and waterproofing aged pavement and improving the surface roughness of sliding pavements. Asphalt slurries or Slurry Seal are mixtures manufactured at room temperature with bituminous emulsion, mineral &hellip; Read More \"Asphalt Sludge\"","og_url":"https:\/\/soida.co.ao\/en\/asphalt-sludge\/","og_site_name":"Soida","article_modified_time":"2021-12-09T15:59:43+00:00","twitter_card":"summary_large_image","twitter_misc":{"Est. reading time":"1 minute"},"schema":{"@context":"https:\/\/schema.org","@graph":[{"@type":"WebPage","@id":"https:\/\/soida.co.ao\/en\/asphalt-sludge\/","url":"https:\/\/soida.co.ao\/en\/asphalt-sludge\/","name":"Asphalt Sludge - Soida","isPartOf":{"@id":"https:\/\/soida.co.ao\/en\/#website"},"datePublished":"2021-12-09T15:40:32+00:00","dateModified":"2021-12-09T15:59:43+00:00","breadcrumb":{"@id":"https:\/\/soida.co.ao\/en\/asphalt-sludge\/#breadcrumb"},"inLanguage":"en-US","potentialAction":[{"@type":"ReadAction","target":["https:\/\/soida.co.ao\/en\/asphalt-sludge\/"]}]},{"@type":"BreadcrumbList","@id":"https:\/\/soida.co.ao\/en\/asphalt-sludge\/#breadcrumb","itemListElement":[{"@type":"ListItem","position":1,"name":"In\u00edcio","item":"https:\/\/soida.co.ao\/en\/"},{"@type":"ListItem","position":2,"name":"Asphalt Sludge"}]},{"@type":"WebSite","@id":"https:\/\/soida.co.ao\/en\/#website","url":"https:\/\/soida.co.ao\/en\/","name":"Soida","description":"Transforma\u00e7\u00e3o de Betume e Produ\u00e7\u00e3o de Derivados de Asf\u00e1lticos","publisher":{"@id":"https:\/\/soida.co.ao\/en\/#organization"},"potentialAction":[{"@type":"SearchAction","target":{"@type":"EntryPoint","urlTemplate":"https:\/\/soida.co.ao\/en\/?s={search_term_string}"},"query-input":{"@type":"PropertyValueSpecification","valueRequired":true,"valueName":"search_term_string"}}],"inLanguage":"en-US"},{"@type":"Organization","@id":"https:\/\/soida.co.ao\/en\/#organization","name":"Soida","url":"https:\/\/soida.co.ao\/en\/","logo":{"@type":"ImageObject","inLanguage":"en-US","@id":"https:\/\/soida.co.ao\/en\/#\/schema\/logo\/image\/","url":"https:\/\/soida.co.ao\/wp-content\/uploads\/2021\/04\/logo_soida.png","contentUrl":"https:\/\/soida.co.ao\/wp-content\/uploads\/2021\/04\/logo_soida.png","width":1182,"height":338,"caption":"Soida"},"image":{"@id":"https:\/\/soida.co.ao\/en\/#\/schema\/logo\/image\/"}}]}},"_links":{"self":[{"href":"https:\/\/soida.co.ao\/en\/wp-json\/wp\/v2\/pages\/1769","targetHints":{"allow":["GET"]}}],"collection":[{"href":"https:\/\/soida.co.ao\/en\/wp-json\/wp\/v2\/pages"}],"about":[{"href":"https:\/\/soida.co.ao\/en\/wp-json\/wp\/v2\/types\/page"}],"author":[{"embeddable":true,"href":"https:\/\/soida.co.ao\/en\/wp-json\/wp\/v2\/users\/1"}],"replies":[{"embeddable":true,"href":"https:\/\/soida.co.ao\/en\/wp-json\/wp\/v2\/comments?post=1769"}],"version-history":[{"count":3,"href":"https:\/\/soida.co.ao\/en\/wp-json\/wp\/v2\/pages\/1769\/revisions"}],"predecessor-version":[{"id":1807,"href":"https:\/\/soida.co.ao\/en\/wp-json\/wp\/v2\/pages\/1769\/revisions\/1807"}],"wp:attachment":[{"href":"https:\/\/soida.co.ao\/en\/wp-json\/wp\/v2\/media?parent=1769"}],"curies":[{"name":"wp","href":"https:\/\/api.w.org\/{rel}","templated":true}]}}