{"id":1643,"date":"2021-12-07T15:13:29","date_gmt":"2021-12-07T15:13:29","guid":{"rendered":"https:\/\/soida.co.ao\/?page_id=1643"},"modified":"2021-12-07T15:24:15","modified_gmt":"2021-12-07T15:24:15","slug":"privacy-policy","status":"publish","type":"page","link":"https:\/\/soida.co.ao\/en\/privacy-policy\/","title":{"rendered":"Privacy Policy"},"content":{"rendered":"\t\t<div data-elementor-type=\"wp-page\" data-elementor-id=\"1643\" class=\"elementor elementor-1643 elementor-3\">\n\t\t\t\t\t\t\t\t\t<section class=\"elementor-section elementor-top-section elementor-element elementor-element-7b2ebcfd elementor-section-stretched elementor-section-boxed elementor-section-height-default elementor-section-height-default\" data-id=\"7b2ebcfd\" data-element_type=\"section\" data-settings=\"{&quot;stretch_section&quot;:&quot;section-stretched&quot;}\">\n\t\t\t\t\t\t<div class=\"elementor-container elementor-column-gap-default\">\n\t\t\t\t\t<div class=\"elementor-column elementor-col-100 elementor-top-column elementor-element elementor-element-54096a87\" data-id=\"54096a87\" data-element_type=\"column\">\n\t\t\t<div class=\"elementor-widget-wrap elementor-element-populated\">\n\t\t\t\t\t\t\t\t<div class=\"elementor-element elementor-element-78cb646f elementor-widget elementor-widget-text-editor\" data-id=\"78cb646f\" data-element_type=\"widget\" data-widget_type=\"text-editor.default\">\n\t\t\t\t<div class=\"elementor-widget-container\">\n\t\t\t        <div class=\"elementor-text-editor elementor-clearfix\"><p>Use<\/p><\/div>\n        \t\t<\/div>\n\t\t\t\t<\/div>\n\t\t\t\t<div class=\"elementor-element elementor-element-02dbb7a elementor-widget elementor-widget-text-editor\" data-id=\"02dbb7a\" data-element_type=\"widget\" data-widget_type=\"text-editor.default\">\n\t\t\t\t<div class=\"elementor-widget-container\">\n\t\t\t        <div class=\"elementor-text-editor elementor-clearfix\"><p>The website user may use the information published on the website of Soida \u2013 Sociedade Industrial de Derivados Asf\u00e1lticos, Lda for informational purposes only. The website user may not use the website information in any other way without the Company&#8217;s prior written consent.<\/p><\/div>\n        \t\t<\/div>\n\t\t\t\t<\/div>\n\t\t\t\t<div class=\"elementor-element elementor-element-cf45d3c elementor-widget elementor-widget-text-editor\" data-id=\"cf45d3c\" data-element_type=\"widget\" data-widget_type=\"text-editor.default\">\n\t\t\t\t<div class=\"elementor-widget-container\">\n\t\t\t        <div class=\"elementor-text-editor elementor-clearfix\"><p>Availability<\/p><\/div>\n        \t\t<\/div>\n\t\t\t\t<\/div>\n\t\t\t\t<div class=\"elementor-element elementor-element-ec7a8f7 elementor-widget elementor-widget-text-editor\" data-id=\"ec7a8f7\" data-element_type=\"widget\" data-widget_type=\"text-editor.default\">\n\t\t\t\t<div class=\"elementor-widget-container\">\n\t\t\t        <div class=\"elementor-text-editor elementor-clearfix\"><p>User acknowledges that the Internet is not owned or controlled by any organization, company, legal or physical entity. Therefore, Soida \u2013 Sociedade Industrial de Derivados Asf\u00e1lticos, Lda cannot guarantee that any user can access the website or any server or service of the company at any time. Soida &#8211; Sociedade Industrial de Derivados Asf\u00e1lticos, Lda declares that it will make every effort in good faith to ensure that its website and all its servers or services are available as widely as possible and with as little interruption as possible.<\/p><\/div>\n        \t\t<\/div>\n\t\t\t\t<\/div>\n\t\t\t\t<div class=\"elementor-element elementor-element-4265ebd elementor-widget elementor-widget-text-editor\" data-id=\"4265ebd\" data-element_type=\"widget\" data-widget_type=\"text-editor.default\">\n\t\t\t\t<div class=\"elementor-widget-container\">\n\t\t\t        <div class=\"elementor-text-editor elementor-clearfix\"><p>Copyright<\/p><\/div>\n        \t\t<\/div>\n\t\t\t\t<\/div>\n\t\t\t\t<div class=\"elementor-element elementor-element-d53c8de elementor-widget elementor-widget-text-editor\" data-id=\"d53c8de\" data-element_type=\"widget\" data-widget_type=\"text-editor.default\">\n\t\t\t\t<div class=\"elementor-widget-container\">\n\t\t\t        <div class=\"elementor-text-editor elementor-clearfix\"><p>The content of this website, text and image, is property of Soida- Sociedade Industrial de Derivados Asf\u00e1lticos, Lda; \u00a9 2021. All rights reserved.<\/p><\/div>\n        \t\t<\/div>\n\t\t\t\t<\/div>\n\t\t\t\t<div class=\"elementor-element elementor-element-e35077b elementor-widget elementor-widget-text-editor\" data-id=\"e35077b\" data-element_type=\"widget\" data-widget_type=\"text-editor.default\">\n\t\t\t\t<div class=\"elementor-widget-container\">\n\t\t\t        <div class=\"elementor-text-editor elementor-clearfix\"><p>Collect and Process Personal Data<\/p><\/div>\n        \t\t<\/div>\n\t\t\t\t<\/div>\n\t\t\t\t<div class=\"elementor-element elementor-element-4834429 elementor-widget elementor-widget-text-editor\" data-id=\"4834429\" data-element_type=\"widget\" data-widget_type=\"text-editor.default\">\n\t\t\t\t<div class=\"elementor-widget-container\">\n\t\t\t        <div class=\"elementor-text-editor elementor-clearfix\"><p>All website users shall browse the page without providing their personal information, thus ensuring anonymity.<\/p><p>Soida \u2013 Industrial Society of Derivados Asf\u00e1lticos, Lda, owner of the website <a href=\"https:\/\/soida.co.ao\">https:\/\/soida.co.ao<\/a>, will not collect personal information from its users.<\/p><p>However, Soida \u2013 Sociedade Industrial de Derivados Asf\u00e1lticos, Lda may collect information that is not personal but intended to improve and optimize website navigation through cookies.<\/p><p>Our website uses cookies. By consenting to the use of cookies for the first time, following our privacy policy, you allow us to use these cookies whenever you use\/visit our website.<\/p><\/div>\n        \t\t<\/div>\n\t\t\t\t<\/div>\n\t\t\t\t<div class=\"elementor-element elementor-element-5b43682 elementor-widget elementor-widget-text-editor\" data-id=\"5b43682\" data-element_type=\"widget\" data-widget_type=\"text-editor.default\">\n\t\t\t\t<div class=\"elementor-widget-container\">\n\t\t\t        <div class=\"elementor-text-editor elementor-clearfix\"><p>Treatment of Personal Data provided voluntarily<\/p><\/div>\n        \t\t<\/div>\n\t\t\t\t<\/div>\n\t\t\t\t<div class=\"elementor-element elementor-element-a685881 elementor-widget elementor-widget-text-editor\" data-id=\"a685881\" data-element_type=\"widget\" data-widget_type=\"text-editor.default\">\n\t\t\t\t<div class=\"elementor-widget-container\">\n\t\t\t        <div class=\"elementor-text-editor elementor-clearfix\"><p>The personal information collected through the website will only be submitted and\/or confirmed by the visitor.<\/p><p>Personal data provided, voluntarily, by the user on the contact page are for the sole information of Soida \u2013 Sociedade Industrial de Derivados Asf\u00e1lticos, Lda and will not be disclosed to third parties without the prior consent of its owner.<\/p><p>Soida- Sociedade Industrial de Derivados Asf\u00e1lticos, Lda, is responsible for processing visitors&#8217; data to the website <a href=\"https:\/\/soida.co.ao\">https:\/\/soida.co.ao<\/a>, and is committed to ensuring their confidentiality.<\/p><\/div>\n        \t\t<\/div>\n\t\t\t\t<\/div>\n\t\t\t\t<div class=\"elementor-element elementor-element-228f5c2 elementor-widget elementor-widget-text-editor\" data-id=\"228f5c2\" data-element_type=\"widget\" data-widget_type=\"text-editor.default\">\n\t\t\t\t<div class=\"elementor-widget-container\">\n\t\t\t        <div class=\"elementor-text-editor elementor-clearfix\"><p>GDPR rights<\/p><\/div>\n        \t\t<\/div>\n\t\t\t\t<\/div>\n\t\t\t\t<div class=\"elementor-element elementor-element-5d95f06 elementor-widget elementor-widget-text-editor\" data-id=\"5d95f06\" data-element_type=\"widget\" data-widget_type=\"text-editor.default\">\n\t\t\t\t<div class=\"elementor-widget-container\">\n\t\t\t        <div class=\"elementor-text-editor elementor-clearfix\"><p>All personal information regarding customers or visitors who use the website Soida- Sociedade Industrial de Derivados Asf\u00e1lticos, Lda will be treated following national and European legislation on Personal Data Protection. Under the terms of the applicable legislation, Soida- Sociedade Industrial de Derivados Asf\u00e1lticos, Lda undertakes to grant users whose data are collected the right to access, oppose or modify the respective data at any time. Send a message to <a href=\"mailto:geral@soida.co.ao\">geral@soida.co.ao<\/a>.<\/p><\/div>\n        \t\t<\/div>\n\t\t\t\t<\/div>\n\t\t\t\t<div class=\"elementor-element elementor-element-fe212a7 elementor-widget elementor-widget-text-editor\" data-id=\"fe212a7\" data-element_type=\"widget\" data-widget_type=\"text-editor.default\">\n\t\t\t\t<div class=\"elementor-widget-container\">\n\t\t\t        <div class=\"elementor-text-editor elementor-clearfix\"><p>Purpose of Processing Personal Data<\/p><\/div>\n        \t\t<\/div>\n\t\t\t\t<\/div>\n\t\t\t\t<div class=\"elementor-element elementor-element-a43e484 elementor-widget elementor-widget-text-editor\" data-id=\"a43e484\" data-element_type=\"widget\" data-widget_type=\"text-editor.default\">\n\t\t\t\t<div class=\"elementor-widget-container\">\n\t\t\t        <div class=\"elementor-text-editor elementor-clearfix\"><p>All personal information collected in connection with the use of the website of Soida \u2013 Sociedade Industrial de Derivados Asf\u00e1lticos, Lda, will make visiting the website more productive and enjoyable, customizing relevant content, products and services.<\/p><p>Soida &#8211; Sociedade Industrial de Derivados Asf\u00e1lticos, Lda considers itself authorized to use all ideas, concepts, knowledge or communication techniques through the website in a free and independent manner. It includes the design, production or sale of products) through a message sent by email, the transmission of files or other forms of unsolicited communication considered non-confidential and free from any restrictions on use.<\/p><\/div>\n        \t\t<\/div>\n\t\t\t\t<\/div>\n\t\t\t\t<div class=\"elementor-element elementor-element-021412c elementor-widget elementor-widget-text-editor\" data-id=\"021412c\" data-element_type=\"widget\" data-widget_type=\"text-editor.default\">\n\t\t\t\t<div class=\"elementor-widget-container\">\n\t\t\t        <div class=\"elementor-text-editor elementor-clearfix\"><p>Conservation and Security<\/p><\/div>\n        \t\t<\/div>\n\t\t\t\t<\/div>\n\t\t\t\t<div class=\"elementor-element elementor-element-12a57c9 elementor-widget elementor-widget-text-editor\" data-id=\"12a57c9\" data-element_type=\"widget\" data-widget_type=\"text-editor.default\">\n\t\t\t\t<div class=\"elementor-widget-container\">\n\t\t\t        <div class=\"elementor-text-editor elementor-clearfix\"><p>The period for storing and preserving data varies according to the purpose for which the information is processed. Thus, and whenever there is no specific legal requirement, the data will be stored and kept only for the minimum period necessary for the purposes that motivated its collection or subsequent processing.<\/p><p>Soida- Sociedade Industrial de Derivados Asf\u00e1lticos, Lda is committed to ensuring the protection of personal data made available to it. To this end, several security measures of technical and organizational nature were adopted to protect the personal data made available to you against its dissemination, loss, misuse, alteration, processing or unauthorized access, as well as against any other form of illicit treatment.<\/p><p>Notwithstanding the security measures adopted, the website visitor must adopt additional security measures as an Internet user. The use of the website Soida- Sociedade Industrial de Derivados Asf\u00e1lticos, Lda presupposes full knowledge of this Privacy Policy, which may be changed without prior notice. Therefore, it is recommended that you check this page regularly to always be up to date.<\/p><\/div>\n        \t\t<\/div>\n\t\t\t\t<\/div>\n\t\t\t\t<div class=\"elementor-element elementor-element-1ddfe01 elementor-widget elementor-widget-text-editor\" data-id=\"1ddfe01\" data-element_type=\"widget\" data-widget_type=\"text-editor.default\">\n\t\t\t\t<div class=\"elementor-widget-container\">\n\t\t\t        <div class=\"elementor-text-editor elementor-clearfix\"><p>Cookies<\/p><\/div>\n        \t\t<\/div>\n\t\t\t\t<\/div>\n\t\t\t\t<div class=\"elementor-element elementor-element-108f595 elementor-widget elementor-widget-text-editor\" data-id=\"108f595\" data-element_type=\"widget\" data-widget_type=\"text-editor.default\">\n\t\t\t\t<div class=\"elementor-widget-container\">\n\t\t\t        <div class=\"elementor-text-editor elementor-clearfix\"><p>What are cookies?<\/p><\/div>\n        \t\t<\/div>\n\t\t\t\t<\/div>\n\t\t\t\t<div class=\"elementor-element elementor-element-77a67ff elementor-widget elementor-widget-text-editor\" data-id=\"77a67ff\" data-element_type=\"widget\" data-widget_type=\"text-editor.default\">\n\t\t\t\t<div class=\"elementor-widget-container\">\n\t\t\t        <div class=\"elementor-text-editor elementor-clearfix\"><p>&#8220;Cookies&#8221; are small software tags that are stored on your browser, retaining only information related to your preferences, not including, as such, your personal data.<\/p><\/div>\n        \t\t<\/div>\n\t\t\t\t<\/div>\n\t\t\t\t<div class=\"elementor-element elementor-element-ccc43af elementor-widget elementor-widget-text-editor\" data-id=\"ccc43af\" data-element_type=\"widget\" data-widget_type=\"text-editor.default\">\n\t\t\t\t<div class=\"elementor-widget-container\">\n\t\t\t        <div class=\"elementor-text-editor elementor-clearfix\"><p>What kind of cookies are there?<\/p><\/div>\n        \t\t<\/div>\n\t\t\t\t<\/div>\n\t\t\t\t<div class=\"elementor-element elementor-element-3b50753 elementor-widget elementor-widget-text-editor\" data-id=\"3b50753\" data-element_type=\"widget\" data-widget_type=\"text-editor.default\">\n\t\t\t\t<div class=\"elementor-widget-container\">\n\t\t\t        <div class=\"elementor-text-editor elementor-clearfix\"><p>There are two groups of cookies that can be used:<\/p><p>Permanent cookies are stored at the browser level on your access devices (PC, mobile and tablet). They are used whenever you revisit one of our websites. They are generally used to direct navigation to the user&#8217;s interests, providing more personalized service.<\/p><p>Permanent cookies are stored at the browser level on your access devices (PC, mobile and tablet). They are used whenever you revisit one of our websites. They are generally used to direct navigation to the user&#8217;s interests, providing more personalized service.<\/p><\/div>\n        \t\t<\/div>\n\t\t\t\t<\/div>\n\t\t\t\t<div class=\"elementor-element elementor-element-343da75 elementor-widget elementor-widget-text-editor\" data-id=\"343da75\" data-element_type=\"widget\" data-widget_type=\"text-editor.default\">\n\t\t\t\t<div class=\"elementor-widget-container\">\n\t\t\t        <div class=\"elementor-text-editor elementor-clearfix\"><p>For what purposes do we use cookies?<\/p><\/div>\n        \t\t<\/div>\n\t\t\t\t<\/div>\n\t\t\t\t<div class=\"elementor-element elementor-element-b5f6b41 elementor-widget elementor-widget-text-editor\" data-id=\"b5f6b41\" data-element_type=\"widget\" data-widget_type=\"text-editor.default\">\n\t\t\t\t<div class=\"elementor-widget-container\">\n\t\t\t        <div class=\"elementor-text-editor elementor-clearfix\"><p>\u2013 Strictly necessary cookies \u2013 Allow you to browse the website and use its applications, as well as secure access areas of the website. Without these cookies, the services you have requested cannot be provided.<\/p><p>\u2013 Analytical cookies \u2013 They are used anonymously to create and analyze statistics to improve the website&#8217;s functioning.<\/p><p>\u2013 Functionality cookies \u2013 keep user preferences regarding the use of the website, so that it is not necessary to reconfigure the website each time you visit it.<\/p><\/div>\n        \t\t<\/div>\n\t\t\t\t<\/div>\n\t\t\t\t<div class=\"elementor-element elementor-element-ccf0fae elementor-widget elementor-widget-text-editor\" data-id=\"ccf0fae\" data-element_type=\"widget\" data-widget_type=\"text-editor.default\">\n\t\t\t\t<div class=\"elementor-widget-container\">\n\t\t\t        <div class=\"elementor-text-editor elementor-clearfix\"><p>How to manage cookies?<\/p><\/div>\n        \t\t<\/div>\n\t\t\t\t<\/div>\n\t\t\t\t<div class=\"elementor-element elementor-element-b8432a5 elementor-widget elementor-widget-text-editor\" data-id=\"b8432a5\" data-element_type=\"widget\" data-widget_type=\"text-editor.default\">\n\t\t\t\t<div class=\"elementor-widget-container\">\n\t\t\t        <div class=\"elementor-text-editor elementor-clearfix\"><p>All browsers allow the user to accept, refuse or delete cookies at any time by configuring the appropriate settings in the respective browser. You can set cookies in your browser&#8217;s &#8220;options&#8221; or &#8220;preferences&#8221; menu.<\/p><p>Note that when disabling cookies, you lose the automatic filling of some data, such as login. In addition, it may prevent some online services from working correctly, affecting navigation on the website.<\/p><\/div>\n        \t\t<\/div>\n\t\t\t\t<\/div>\n\t\t\t\t<div class=\"elementor-element elementor-element-411cbe3 elementor-widget elementor-widget-text-editor\" data-id=\"411cbe3\" data-element_type=\"widget\" data-widget_type=\"text-editor.default\">\n\t\t\t\t<div class=\"elementor-widget-container\">\n\t\t\t        <div class=\"elementor-text-editor elementor-clearfix\"><p>More information.<\/p><\/div>\n        \t\t<\/div>\n\t\t\t\t<\/div>\n\t\t\t\t<div class=\"elementor-element elementor-element-e86807e elementor-widget elementor-widget-text-editor\" data-id=\"e86807e\" data-element_type=\"widget\" data-widget_type=\"text-editor.default\">\n\t\t\t\t<div class=\"elementor-widget-container\">\n\t\t\t        <div class=\"elementor-text-editor elementor-clearfix\"><p>To learn more about cookies, see the following link:<\/p><p>All About Cookies<\/p><p><a href=\"http:\/\/www.allaboutcookies.org\/\">http:\/\/www.allaboutcookies.org\/<\/a><\/p><\/div>\n        \t\t<\/div>\n\t\t\t\t<\/div>\n\t\t\t\t\t<\/div>\n\t\t<\/div>\n\t\t\t\t\t\t\t<\/div>\n\t\t<\/section>\n\t\t\t\t\t\t\t<\/div>\n\t\t","protected":false},"excerpt":{"rendered":"<p>Use The website user may use the information published on the website of Soida \u2013 Sociedade Industrial de Derivados Asf\u00e1lticos, Lda for informational purposes only. The website user may not use the website information in any other way without the Company&#8217;s prior written consent. Availability User acknowledges that the Internet is not owned or controlled &hellip; <\/p>\n<p class=\"link-more\"><a href=\"https:\/\/soida.co.ao\/en\/privacy-policy\/\" class=\"more-link\">Read More <i class=\"opal-icon-long-arrow-right\"><\/i><span class=\"screen-reader-text\"> &#8220;Privacy Policy&#8221;<\/span><\/a><\/p>\n","protected":false},"author":1,"featured_media":0,"parent":0,"menu_order":0,"comment_status":"closed","ping_status":"closed","template":"","meta":{"inline_featured_image":false,"footnotes":""},"class_list":["post-1643","page","type-page","status-publish","hentry"],"yoast_head":"<!-- This site is optimized with the Yoast SEO plugin v25.3.1 - https:\/\/yoast.com\/wordpress\/plugins\/seo\/ -->\n<title>Privacy Policy - Soida<\/title>\n<meta name=\"robots\" content=\"index, follow, max-snippet:-1, max-image-preview:large, max-video-preview:-1\" \/>\n<link rel=\"canonical\" href=\"https:\/\/soida.co.ao\/en\/privacy-policy\/\" \/>\n<meta property=\"og:locale\" content=\"en_US\" \/>\n<meta property=\"og:type\" content=\"article\" \/>\n<meta property=\"og:title\" content=\"Privacy Policy - Soida\" \/>\n<meta property=\"og:description\" content=\"Use The website user may use the information published on the website of Soida \u2013 Sociedade Industrial de Derivados Asf\u00e1lticos, Lda for informational purposes only. The website user may not use the website information in any other way without the Company&#8217;s prior written consent. Availability User acknowledges that the Internet is not owned or controlled &hellip; Read More &quot;Privacy Policy&quot;\" \/>\n<meta property=\"og:url\" content=\"https:\/\/soida.co.ao\/en\/privacy-policy\/\" \/>\n<meta property=\"og:site_name\" content=\"Soida\" \/>\n<meta property=\"article:modified_time\" content=\"2021-12-07T15:24:15+00:00\" \/>\n<meta name=\"twitter:card\" content=\"summary_large_image\" \/>\n<meta name=\"twitter:label1\" content=\"Est. reading time\" \/>\n\t<meta name=\"twitter:data1\" content=\"5 minutes\" \/>\n<script type=\"application\/ld+json\" class=\"yoast-schema-graph\">{\"@context\":\"https:\/\/schema.org\",\"@graph\":[{\"@type\":\"WebPage\",\"@id\":\"https:\/\/soida.co.ao\/en\/privacy-policy\/\",\"url\":\"https:\/\/soida.co.ao\/en\/privacy-policy\/\",\"name\":\"Privacy Policy - Soida\",\"isPartOf\":{\"@id\":\"https:\/\/soida.co.ao\/en\/#website\"},\"datePublished\":\"2021-12-07T15:13:29+00:00\",\"dateModified\":\"2021-12-07T15:24:15+00:00\",\"breadcrumb\":{\"@id\":\"https:\/\/soida.co.ao\/en\/privacy-policy\/#breadcrumb\"},\"inLanguage\":\"en-US\",\"potentialAction\":[{\"@type\":\"ReadAction\",\"target\":[\"https:\/\/soida.co.ao\/en\/privacy-policy\/\"]}]},{\"@type\":\"BreadcrumbList\",\"@id\":\"https:\/\/soida.co.ao\/en\/privacy-policy\/#breadcrumb\",\"itemListElement\":[{\"@type\":\"ListItem\",\"position\":1,\"name\":\"In\u00edcio\",\"item\":\"https:\/\/soida.co.ao\/en\/\"},{\"@type\":\"ListItem\",\"position\":2,\"name\":\"Privacy Policy\"}]},{\"@type\":\"WebSite\",\"@id\":\"https:\/\/soida.co.ao\/en\/#website\",\"url\":\"https:\/\/soida.co.ao\/en\/\",\"name\":\"Soida\",\"description\":\"Transforma\u00e7\u00e3o de Betume e Produ\u00e7\u00e3o de Derivados de Asf\u00e1lticos\",\"publisher\":{\"@id\":\"https:\/\/soida.co.ao\/en\/#organization\"},\"potentialAction\":[{\"@type\":\"SearchAction\",\"target\":{\"@type\":\"EntryPoint\",\"urlTemplate\":\"https:\/\/soida.co.ao\/en\/?s={search_term_string}\"},\"query-input\":{\"@type\":\"PropertyValueSpecification\",\"valueRequired\":true,\"valueName\":\"search_term_string\"}}],\"inLanguage\":\"en-US\"},{\"@type\":\"Organization\",\"@id\":\"https:\/\/soida.co.ao\/en\/#organization\",\"name\":\"Soida\",\"url\":\"https:\/\/soida.co.ao\/en\/\",\"logo\":{\"@type\":\"ImageObject\",\"inLanguage\":\"en-US\",\"@id\":\"https:\/\/soida.co.ao\/en\/#\/schema\/logo\/image\/\",\"url\":\"https:\/\/soida.co.ao\/wp-content\/uploads\/2021\/04\/logo_soida.png\",\"contentUrl\":\"https:\/\/soida.co.ao\/wp-content\/uploads\/2021\/04\/logo_soida.png\",\"width\":1182,\"height\":338,\"caption\":\"Soida\"},\"image\":{\"@id\":\"https:\/\/soida.co.ao\/en\/#\/schema\/logo\/image\/\"}}]}<\/script>\n<!-- \/ Yoast SEO plugin. -->","yoast_head_json":{"title":"Privacy Policy - Soida","robots":{"index":"index","follow":"follow","max-snippet":"max-snippet:-1","max-image-preview":"max-image-preview:large","max-video-preview":"max-video-preview:-1"},"canonical":"https:\/\/soida.co.ao\/en\/privacy-policy\/","og_locale":"en_US","og_type":"article","og_title":"Privacy Policy - Soida","og_description":"Use The website user may use the information published on the website of Soida \u2013 Sociedade Industrial de Derivados Asf\u00e1lticos, Lda for informational purposes only. The website user may not use the website information in any other way without the Company&#8217;s prior written consent. Availability User acknowledges that the Internet is not owned or controlled &hellip; Read More \"Privacy Policy\"","og_url":"https:\/\/soida.co.ao\/en\/privacy-policy\/","og_site_name":"Soida","article_modified_time":"2021-12-07T15:24:15+00:00","twitter_card":"summary_large_image","twitter_misc":{"Est. reading time":"5 minutes"},"schema":{"@context":"https:\/\/schema.org","@graph":[{"@type":"WebPage","@id":"https:\/\/soida.co.ao\/en\/privacy-policy\/","url":"https:\/\/soida.co.ao\/en\/privacy-policy\/","name":"Privacy Policy - Soida","isPartOf":{"@id":"https:\/\/soida.co.ao\/en\/#website"},"datePublished":"2021-12-07T15:13:29+00:00","dateModified":"2021-12-07T15:24:15+00:00","breadcrumb":{"@id":"https:\/\/soida.co.ao\/en\/privacy-policy\/#breadcrumb"},"inLanguage":"en-US","potentialAction":[{"@type":"ReadAction","target":["https:\/\/soida.co.ao\/en\/privacy-policy\/"]}]},{"@type":"BreadcrumbList","@id":"https:\/\/soida.co.ao\/en\/privacy-policy\/#breadcrumb","itemListElement":[{"@type":"ListItem","position":1,"name":"In\u00edcio","item":"https:\/\/soida.co.ao\/en\/"},{"@type":"ListItem","position":2,"name":"Privacy Policy"}]},{"@type":"WebSite","@id":"https:\/\/soida.co.ao\/en\/#website","url":"https:\/\/soida.co.ao\/en\/","name":"Soida","description":"Transforma\u00e7\u00e3o de Betume e Produ\u00e7\u00e3o de Derivados de Asf\u00e1lticos","publisher":{"@id":"https:\/\/soida.co.ao\/en\/#organization"},"potentialAction":[{"@type":"SearchAction","target":{"@type":"EntryPoint","urlTemplate":"https:\/\/soida.co.ao\/en\/?s={search_term_string}"},"query-input":{"@type":"PropertyValueSpecification","valueRequired":true,"valueName":"search_term_string"}}],"inLanguage":"en-US"},{"@type":"Organization","@id":"https:\/\/soida.co.ao\/en\/#organization","name":"Soida","url":"https:\/\/soida.co.ao\/en\/","logo":{"@type":"ImageObject","inLanguage":"en-US","@id":"https:\/\/soida.co.ao\/en\/#\/schema\/logo\/image\/","url":"https:\/\/soida.co.ao\/wp-content\/uploads\/2021\/04\/logo_soida.png","contentUrl":"https:\/\/soida.co.ao\/wp-content\/uploads\/2021\/04\/logo_soida.png","width":1182,"height":338,"caption":"Soida"},"image":{"@id":"https:\/\/soida.co.ao\/en\/#\/schema\/logo\/image\/"}}]}},"_links":{"self":[{"href":"https:\/\/soida.co.ao\/en\/wp-json\/wp\/v2\/pages\/1643","targetHints":{"allow":["GET"]}}],"collection":[{"href":"https:\/\/soida.co.ao\/en\/wp-json\/wp\/v2\/pages"}],"about":[{"href":"https:\/\/soida.co.ao\/en\/wp-json\/wp\/v2\/types\/page"}],"author":[{"embeddable":true,"href":"https:\/\/soida.co.ao\/en\/wp-json\/wp\/v2\/users\/1"}],"replies":[{"embeddable":true,"href":"https:\/\/soida.co.ao\/en\/wp-json\/wp\/v2\/comments?post=1643"}],"version-history":[{"count":6,"href":"https:\/\/soida.co.ao\/en\/wp-json\/wp\/v2\/pages\/1643\/revisions"}],"predecessor-version":[{"id":1649,"href":"https:\/\/soida.co.ao\/en\/wp-json\/wp\/v2\/pages\/1643\/revisions\/1649"}],"wp:attachment":[{"href":"https:\/\/soida.co.ao\/en\/wp-json\/wp\/v2\/media?parent=1643"}],"curies":[{"name":"wp","href":"https:\/\/api.w.org\/{rel}","templated":true}]}}