{"id":1636,"date":"2021-12-07T14:42:00","date_gmt":"2021-12-07T14:42:00","guid":{"rendered":"https:\/\/soida.co.ao\/?page_id=1636"},"modified":"2024-11-15T14:47:56","modified_gmt":"2024-11-15T14:47:56","slug":"contacts","status":"publish","type":"page","link":"https:\/\/soida.co.ao\/en\/contacts\/","title":{"rendered":"Contacts"},"content":{"rendered":"\t\t<div data-elementor-type=\"wp-page\" data-elementor-id=\"1636\" class=\"elementor elementor-1636 elementor-28\">\n\t\t\t\t\t\t\t\t\t<section class=\"elementor-section elementor-top-section elementor-element elementor-element-ef6c797 elementor-section-boxed elementor-section-height-default elementor-section-height-default\" data-id=\"ef6c797\" data-element_type=\"section\">\n\t\t\t\t\t\t<div class=\"elementor-container elementor-column-gap-default\">\n\t\t\t\t\t<div class=\"elementor-column elementor-col-100 elementor-top-column elementor-element elementor-element-f720749\" data-id=\"f720749\" data-element_type=\"column\">\n\t\t\t<div class=\"elementor-widget-wrap elementor-element-populated\">\n\t\t\t\t\t\t\t\t<div class=\"elementor-element elementor-element-dbfd919 elementor-widget elementor-widget-html\" data-id=\"dbfd919\" data-element_type=\"widget\" data-widget_type=\"html.default\">\n\t\t\t\t<div class=\"elementor-widget-container\">\n\t\t\t<iframe src=\"https:\/\/www.google.com\/maps\/embed?pb=!1m14!1m8!1m3!1d63088.72681772374!2d13.325534!3d-8.7817967!3m2!1i1024!2i768!4f13.1!3m3!1m2!1s0x0%3A0x6975e9413f5240f6!2zV00gQ29uc3RydcOnw7VlcyBMZGE!5e0!3m2!1sen!2spt!4v1622024299744!5m2!1sen!2spt\" width=\"600\" height=\"550\" style=\"border:0;\" allowfullscreen=\"\" loading=\"lazy\"><\/iframe>\t\t<\/div>\n\t\t\t\t<\/div>\n\t\t\t\t<div class=\"elementor-element elementor-element-493406e elementor-hidden-desktop elementor-hidden-tablet elementor-hidden-phone elementor-widget elementor-widget-google_maps\" data-id=\"493406e\" data-element_type=\"widget\" data-widget_type=\"google_maps.default\">\n\t\t\t\t<div class=\"elementor-widget-container\">\n\t\t\t\t\t<div class=\"elementor-custom-embed\">\n\t\t\t<iframe loading=\"lazy\"\n\t\t\t\t\tsrc=\"https:\/\/maps.google.com\/maps?q=Estrada%20Luanda%2C%20Cacuaco&#038;t=m&#038;z=16&#038;output=embed&#038;iwloc=near\"\n\t\t\t\t\ttitle=\"Estrada Luanda, Cacuaco\"\n\t\t\t\t\taria-label=\"Estrada Luanda, Cacuaco\"\n\t\t\t><\/iframe>\n\t\t<\/div>\n\t\t\t\t<\/div>\n\t\t\t\t<\/div>\n\t\t\t\t\t<\/div>\n\t\t<\/div>\n\t\t\t\t\t\t\t<\/div>\n\t\t<\/section>\n\t\t\t\t<section class=\"elementor-section elementor-top-section elementor-element elementor-element-af6d25e elementor-section-boxed elementor-section-height-default elementor-section-height-default\" data-id=\"af6d25e\" data-element_type=\"section\">\n\t\t\t\t\t\t<div class=\"elementor-container elementor-column-gap-no\">\n\t\t\t\t\t<div class=\"elementor-column elementor-col-66 elementor-top-column elementor-element elementor-element-5e5a44a5 opal-box-clip\" data-id=\"5e5a44a5\" data-element_type=\"column\" data-settings=\"{&quot;background_background&quot;:&quot;classic&quot;}\">\n\t\t\t<div class=\"elementor-widget-wrap elementor-element-populated\">\n\t\t\t\t\t\t\t\t<div class=\"elementor-element elementor-element-29b35d8b elementor-widget elementor-widget-heading\" data-id=\"29b35d8b\" data-element_type=\"widget\" data-widget_type=\"heading.default\">\n\t\t\t\t<div class=\"elementor-widget-container\">\n\t\t\t<h2 class=\"elementor-heading-title elementor-size-default\">Talk with us!<\/h2>\t\t<\/div>\n\t\t\t\t<\/div>\n\t\t\t\t<div class=\"elementor-element elementor-element-715c8853 elementor-wpcf7-button-primary elementor-wpcf7-button-md elementor-widget elementor-widget-opal-contactform7\" data-id=\"715c8853\" data-element_type=\"widget\" data-widget_type=\"opal-contactform7.default\">\n\t\t\t\t<div class=\"elementor-widget-container\">\n\t\t\t\n<div class=\"wpcf7 no-js\" id=\"wpcf7-f1641-o1\" lang=\"en-US\" dir=\"ltr\" data-wpcf7-id=\"1641\">\n<div class=\"screen-reader-response\"><p role=\"status\" aria-live=\"polite\" aria-atomic=\"true\"><\/p> <ul><\/ul><\/div>\n<form action=\"\/en\/wp-json\/wp\/v2\/pages\/1636#wpcf7-f1641-o1\" method=\"post\" class=\"wpcf7-form init\" aria-label=\"Contact form\" novalidate=\"novalidate\" data-status=\"init\">\n<fieldset class=\"hidden-fields-container\"><input type=\"hidden\" name=\"_wpcf7\" value=\"1641\" \/><input type=\"hidden\" name=\"_wpcf7_version\" value=\"6.1\" \/><input type=\"hidden\" name=\"_wpcf7_locale\" value=\"en_US\" \/><input type=\"hidden\" name=\"_wpcf7_unit_tag\" value=\"wpcf7-f1641-o1\" \/><input type=\"hidden\" name=\"_wpcf7_container_post\" value=\"0\" \/><input type=\"hidden\" name=\"_wpcf7_posted_data_hash\" value=\"\" \/><input type=\"hidden\" name=\"_wpcf7_recaptcha_response\" value=\"\" \/>\n<\/fieldset>\n<div class=\"main-form\">\n\t<p class=\"contact_name_input\" ><span class=\"wpcf7-form-control-wrap\" data-name=\"your-name\"><input size=\"40\" maxlength=\"400\" class=\"wpcf7-form-control wpcf7-text wpcf7-validates-as-required\" aria-required=\"true\" aria-invalid=\"false\" placeholder=\"Name\" value=\"\" type=\"text\" name=\"your-name\" \/><\/span>\n\t<\/p>\n\t<p class=\"contact_email_input\" ><span class=\"wpcf7-form-control-wrap\" data-name=\"your-email\"><input size=\"40\" maxlength=\"400\" class=\"wpcf7-form-control wpcf7-email wpcf7-validates-as-required wpcf7-text wpcf7-validates-as-email\" aria-required=\"true\" aria-invalid=\"false\" placeholder=\"Email\" value=\"\" type=\"email\" name=\"your-email\" \/><\/span>\n\t<\/p>\n\t<p><span class=\"wpcf7-form-control-wrap\" data-name=\"your-message\"><textarea cols=\"40\" rows=\"5\" maxlength=\"2000\" class=\"wpcf7-form-control wpcf7-textarea wpcf7-validates-as-required\" aria-required=\"true\" aria-invalid=\"false\" placeholder=\"Message\" name=\"your-message\"><\/textarea><\/span>\n\t<\/p>\n\t<p><span class=\"wpcf7-form-control-wrap\" data-name=\"soida-gdpr\"><span class=\"wpcf7-form-control wpcf7-checkbox wpcf7-validates-as-required\"><span class=\"wpcf7-list-item first last\"><label><input type=\"checkbox\" name=\"soida-gdpr[]\" value=\"By using this form, you agree with the storage and handling of your data by this website.\" \/><span class=\"wpcf7-list-item-label\">By using this form, you agree with the storage and handling of your data by this website.<\/span><\/label><\/span><\/span><\/span>\n\t<\/p>\n<\/div>\n<p><button type=\"submit\" class=\"octf-btn\">Send<\/button>\n<\/p><div class=\"wpcf7-response-output\" aria-hidden=\"true\"><\/div>\n<\/form>\n<\/div>\n\t\t<\/div>\n\t\t\t\t<\/div>\n\t\t\t\t\t<\/div>\n\t\t<\/div>\n\t\t\t\t<div class=\"elementor-column elementor-col-33 elementor-top-column elementor-element elementor-element-1b95b391\" data-id=\"1b95b391\" data-element_type=\"column\">\n\t\t\t<div class=\"elementor-widget-wrap elementor-element-populated\">\n\t\t\t\t\t\t\t\t<div class=\"elementor-element elementor-element-46d90d0f elementor-widget elementor-widget-heading\" data-id=\"46d90d0f\" data-element_type=\"widget\" data-widget_type=\"heading.default\">\n\t\t\t\t<div class=\"elementor-widget-container\">\n\t\t\t<h2 class=\"elementor-heading-title elementor-size-default\">Contacts<\/h2>\t\t<\/div>\n\t\t\t\t<\/div>\n\t\t\t\t<div class=\"elementor-element elementor-element-3276563 elementor-widget elementor-widget-text-editor\" data-id=\"3276563\" data-element_type=\"widget\" data-widget_type=\"text-editor.default\">\n\t\t\t\t<div class=\"elementor-widget-container\">\n\t\t\t        <div class=\"elementor-text-editor elementor-clearfix\">Email\n<p style=\"font-weight: 300; font-size: 20px;\"><a href=\"mailto:geral@soida.co.ao\">geral@soida.co.ao<\/a><\/br>\n<a href=\"mailto:comercial@soida.co.ao\">comercial@soida.co.ao<\/a><\/p><\/div>\n        \t\t<\/div>\n\t\t\t\t<\/div>\n\t\t\t\t<div class=\"elementor-element elementor-element-22c3c9c elementor-widget elementor-widget-text-editor\" data-id=\"22c3c9c\" data-element_type=\"widget\" data-widget_type=\"text-editor.default\">\n\t\t\t\t<div class=\"elementor-widget-container\">\n\t\t\t        <div class=\"elementor-text-editor elementor-clearfix\">Address\n<p style=\"font-weight: 300; font-size: 20px;\">Estrada Luanda, Cacuaco, Km 9 S\/N\nBairro da Boa Esperan\u00e7a &#8211; Cacuaco &#8211; Angola<\/p><\/div>\n        \t\t<\/div>\n\t\t\t\t<\/div>\n\t\t\t\t<div class=\"elementor-element elementor-element-fec9a10 elementor-widget elementor-widget-heading\" data-id=\"fec9a10\" data-element_type=\"widget\" data-widget_type=\"heading.default\">\n\t\t\t\t<div class=\"elementor-widget-container\">\n\t\t\t<h2 class=\"elementor-heading-title elementor-size-default\">Follow us:<\/h2>\t\t<\/div>\n\t\t\t\t<\/div>\n\t\t\t\t<div class=\"elementor-element elementor-element-bb65f86 e-grid-align-left elementor-shape-rounded elementor-grid-0 elementor-widget elementor-widget-social-icons\" data-id=\"bb65f86\" data-element_type=\"widget\" data-widget_type=\"social-icons.default\">\n\t\t\t\t<div class=\"elementor-widget-container\">\n\t\t\t\t\t<div class=\"elementor-social-icons-wrapper elementor-grid\">\n\t\t\t\t\t\t\t<span class=\"elementor-grid-item\">\n\t\t\t\t\t<a class=\"elementor-icon elementor-social-icon elementor-social-icon- elementor-repeater-item-70b6b82\" href=\"https:\/\/www.linkedin.com\/company\/soida-industria-de-derivados-asf%C3%A1lticos\/\" target=\"_blank\">\n\t\t\t\t\t\t<span class=\"elementor-screen-only\"><\/span>\n\t\t\t\t\t\t<svg xmlns=\"http:\/\/www.w3.org\/2000\/svg\" xmlns:xlink=\"http:\/\/www.w3.org\/1999\/xlink\" id=\"Camada_1\" x=\"0px\" y=\"0px\" viewBox=\"0 0 98.9 98.9\" style=\"enable-background:new 0 0 98.9 98.9;\" xml:space=\"preserve\">\n<style type=\"text\/css\">\n\t.st0{fill:#FFFFFF;}\n\t.st1{fill:#6597CC;}\n<\/style>\n<rect x=\"10.4\" y=\"9.7\" class=\"st0\" width=\"78.7\" height=\"75.7\"><\/rect>\n<path class=\"st1\" d=\"M0,0v98.9h98.9V0H0z M32.5,76.7H19.7v-41h12.8V76.7z M26.1,30.2c-4.1,0-7.4-3.3-7.4-7.4c0-4.1,3.3-7.4,7.4-7.4  c4.1,0,7.4,3.3,7.4,7.4C33.5,26.8,30.2,30.2,26.1,30.2z M80.2,76.7H67.5V56.8c0-4.8-0.1-10.9-6.6-10.9c-6.6,0-7.6,5.2-7.6,10.5v20.3  H40.5v-41h12.2v5.6h0.2c1.7-3.2,5.9-6.6,12.1-6.6c12.9,0,15.3,8.5,15.3,19.5V76.7z\"><\/path>\n<\/svg>\t\t\t\t\t<\/a>\n\t\t\t\t<\/span>\n\t\t\t\t\t<\/div>\n\t\t\t\t<\/div>\n\t\t\t\t<\/div>\n\t\t\t\t\t<\/div>\n\t\t<\/div>\n\t\t\t\t\t\t\t<\/div>\n\t\t<\/section>\n\t\t\t\t\t\t\t<\/div>\n\t\t","protected":false},"excerpt":{"rendered":"<p>Talk with us! Ao utilizar este formul\u00e1rio concorda com o armazenamento e tratamento dos seus dados por este site. Enviar Contacts Email geral@soida.co.ao comercial@soida.co.ao Address Estrada Luanda, Cacuaco, Km 9 S\/N Bairro da Boa Esperan\u00e7a &#8211; Cacuaco &#8211; Angola Follow us:<\/p>\n","protected":false},"author":1,"featured_media":0,"parent":0,"menu_order":0,"comment_status":"closed","ping_status":"closed","template":"page-elementor.php","meta":{"inline_featured_image":false,"footnotes":""},"class_list":["post-1636","page","type-page","status-publish","hentry"],"yoast_head":"<!-- This site is optimized with the Yoast SEO plugin v25.3.1 - https:\/\/yoast.com\/wordpress\/plugins\/seo\/ -->\n<title>Contacts - Soida<\/title>\n<meta name=\"robots\" content=\"index, follow, max-snippet:-1, max-image-preview:large, max-video-preview:-1\" \/>\n<link rel=\"canonical\" href=\"https:\/\/soida.co.ao\/en\/contacts\/\" \/>\n<meta property=\"og:locale\" content=\"en_US\" \/>\n<meta property=\"og:type\" content=\"article\" \/>\n<meta property=\"og:title\" content=\"Contacts - Soida\" \/>\n<meta property=\"og:description\" content=\"Talk with us! Ao utilizar este formul\u00e1rio concorda com o armazenamento e tratamento dos seus dados por este site. Enviar Contacts Email geral@soida.co.ao comercial@soida.co.ao Address Estrada Luanda, Cacuaco, Km 9 S\/N Bairro da Boa Esperan\u00e7a &#8211; Cacuaco &#8211; Angola Follow us:\" \/>\n<meta property=\"og:url\" content=\"https:\/\/soida.co.ao\/en\/contacts\/\" \/>\n<meta property=\"og:site_name\" content=\"Soida\" \/>\n<meta property=\"article:modified_time\" content=\"2024-11-15T14:47:56+00:00\" \/>\n<meta name=\"twitter:card\" content=\"summary_large_image\" \/>\n<meta name=\"twitter:label1\" content=\"Est. reading time\" \/>\n\t<meta name=\"twitter:data1\" content=\"1 minute\" \/>\n<script type=\"application\/ld+json\" class=\"yoast-schema-graph\">{\"@context\":\"https:\/\/schema.org\",\"@graph\":[{\"@type\":\"WebPage\",\"@id\":\"https:\/\/soida.co.ao\/en\/contacts\/\",\"url\":\"https:\/\/soida.co.ao\/en\/contacts\/\",\"name\":\"Contacts - Soida\",\"isPartOf\":{\"@id\":\"https:\/\/soida.co.ao\/en\/#website\"},\"datePublished\":\"2021-12-07T14:42:00+00:00\",\"dateModified\":\"2024-11-15T14:47:56+00:00\",\"breadcrumb\":{\"@id\":\"https:\/\/soida.co.ao\/en\/contacts\/#breadcrumb\"},\"inLanguage\":\"en-US\",\"potentialAction\":[{\"@type\":\"ReadAction\",\"target\":[\"https:\/\/soida.co.ao\/en\/contacts\/\"]}]},{\"@type\":\"BreadcrumbList\",\"@id\":\"https:\/\/soida.co.ao\/en\/contacts\/#breadcrumb\",\"itemListElement\":[{\"@type\":\"ListItem\",\"position\":1,\"name\":\"In\u00edcio\",\"item\":\"https:\/\/soida.co.ao\/en\/\"},{\"@type\":\"ListItem\",\"position\":2,\"name\":\"Contacts\"}]},{\"@type\":\"WebSite\",\"@id\":\"https:\/\/soida.co.ao\/en\/#website\",\"url\":\"https:\/\/soida.co.ao\/en\/\",\"name\":\"Soida\",\"description\":\"Transforma\u00e7\u00e3o de Betume e Produ\u00e7\u00e3o de Derivados de Asf\u00e1lticos\",\"publisher\":{\"@id\":\"https:\/\/soida.co.ao\/en\/#organization\"},\"potentialAction\":[{\"@type\":\"SearchAction\",\"target\":{\"@type\":\"EntryPoint\",\"urlTemplate\":\"https:\/\/soida.co.ao\/en\/?s={search_term_string}\"},\"query-input\":{\"@type\":\"PropertyValueSpecification\",\"valueRequired\":true,\"valueName\":\"search_term_string\"}}],\"inLanguage\":\"en-US\"},{\"@type\":\"Organization\",\"@id\":\"https:\/\/soida.co.ao\/en\/#organization\",\"name\":\"Soida\",\"url\":\"https:\/\/soida.co.ao\/en\/\",\"logo\":{\"@type\":\"ImageObject\",\"inLanguage\":\"en-US\",\"@id\":\"https:\/\/soida.co.ao\/en\/#\/schema\/logo\/image\/\",\"url\":\"https:\/\/soida.co.ao\/wp-content\/uploads\/2021\/04\/logo_soida.png\",\"contentUrl\":\"https:\/\/soida.co.ao\/wp-content\/uploads\/2021\/04\/logo_soida.png\",\"width\":1182,\"height\":338,\"caption\":\"Soida\"},\"image\":{\"@id\":\"https:\/\/soida.co.ao\/en\/#\/schema\/logo\/image\/\"}}]}<\/script>\n<!-- \/ Yoast SEO plugin. -->","yoast_head_json":{"title":"Contacts - Soida","robots":{"index":"index","follow":"follow","max-snippet":"max-snippet:-1","max-image-preview":"max-image-preview:large","max-video-preview":"max-video-preview:-1"},"canonical":"https:\/\/soida.co.ao\/en\/contacts\/","og_locale":"en_US","og_type":"article","og_title":"Contacts - Soida","og_description":"Talk with us! Ao utilizar este formul\u00e1rio concorda com o armazenamento e tratamento dos seus dados por este site. Enviar Contacts Email geral@soida.co.ao comercial@soida.co.ao Address Estrada Luanda, Cacuaco, Km 9 S\/N Bairro da Boa Esperan\u00e7a &#8211; Cacuaco &#8211; Angola Follow us:","og_url":"https:\/\/soida.co.ao\/en\/contacts\/","og_site_name":"Soida","article_modified_time":"2024-11-15T14:47:56+00:00","twitter_card":"summary_large_image","twitter_misc":{"Est. reading time":"1 minute"},"schema":{"@context":"https:\/\/schema.org","@graph":[{"@type":"WebPage","@id":"https:\/\/soida.co.ao\/en\/contacts\/","url":"https:\/\/soida.co.ao\/en\/contacts\/","name":"Contacts - Soida","isPartOf":{"@id":"https:\/\/soida.co.ao\/en\/#website"},"datePublished":"2021-12-07T14:42:00+00:00","dateModified":"2024-11-15T14:47:56+00:00","breadcrumb":{"@id":"https:\/\/soida.co.ao\/en\/contacts\/#breadcrumb"},"inLanguage":"en-US","potentialAction":[{"@type":"ReadAction","target":["https:\/\/soida.co.ao\/en\/contacts\/"]}]},{"@type":"BreadcrumbList","@id":"https:\/\/soida.co.ao\/en\/contacts\/#breadcrumb","itemListElement":[{"@type":"ListItem","position":1,"name":"In\u00edcio","item":"https:\/\/soida.co.ao\/en\/"},{"@type":"ListItem","position":2,"name":"Contacts"}]},{"@type":"WebSite","@id":"https:\/\/soida.co.ao\/en\/#website","url":"https:\/\/soida.co.ao\/en\/","name":"Soida","description":"Transforma\u00e7\u00e3o de Betume e Produ\u00e7\u00e3o de Derivados de Asf\u00e1lticos","publisher":{"@id":"https:\/\/soida.co.ao\/en\/#organization"},"potentialAction":[{"@type":"SearchAction","target":{"@type":"EntryPoint","urlTemplate":"https:\/\/soida.co.ao\/en\/?s={search_term_string}"},"query-input":{"@type":"PropertyValueSpecification","valueRequired":true,"valueName":"search_term_string"}}],"inLanguage":"en-US"},{"@type":"Organization","@id":"https:\/\/soida.co.ao\/en\/#organization","name":"Soida","url":"https:\/\/soida.co.ao\/en\/","logo":{"@type":"ImageObject","inLanguage":"en-US","@id":"https:\/\/soida.co.ao\/en\/#\/schema\/logo\/image\/","url":"https:\/\/soida.co.ao\/wp-content\/uploads\/2021\/04\/logo_soida.png","contentUrl":"https:\/\/soida.co.ao\/wp-content\/uploads\/2021\/04\/logo_soida.png","width":1182,"height":338,"caption":"Soida"},"image":{"@id":"https:\/\/soida.co.ao\/en\/#\/schema\/logo\/image\/"}}]}},"_links":{"self":[{"href":"https:\/\/soida.co.ao\/en\/wp-json\/wp\/v2\/pages\/1636","targetHints":{"allow":["GET"]}}],"collection":[{"href":"https:\/\/soida.co.ao\/en\/wp-json\/wp\/v2\/pages"}],"about":[{"href":"https:\/\/soida.co.ao\/en\/wp-json\/wp\/v2\/types\/page"}],"author":[{"embeddable":true,"href":"https:\/\/soida.co.ao\/en\/wp-json\/wp\/v2\/users\/1"}],"replies":[{"embeddable":true,"href":"https:\/\/soida.co.ao\/en\/wp-json\/wp\/v2\/comments?post=1636"}],"version-history":[{"count":17,"href":"https:\/\/soida.co.ao\/en\/wp-json\/wp\/v2\/pages\/1636\/revisions"}],"predecessor-version":[{"id":3134,"href":"https:\/\/soida.co.ao\/en\/wp-json\/wp\/v2\/pages\/1636\/revisions\/3134"}],"wp:attachment":[{"href":"https:\/\/soida.co.ao\/en\/wp-json\/wp\/v2\/media?parent=1636"}],"curies":[{"name":"wp","href":"https:\/\/api.w.org\/{rel}","templated":true}]}}