{"id":1598,"date":"2021-12-07T11:46:13","date_gmt":"2021-12-07T11:46:13","guid":{"rendered":"https:\/\/soida.co.ao\/?page_id=1598"},"modified":"2022-01-21T15:32:54","modified_gmt":"2022-01-21T15:32:54","slug":"asphalt-derivatives","status":"publish","type":"page","link":"https:\/\/soida.co.ao\/en\/asphalt-derivatives\/","title":{"rendered":"Asphalt Derivatives"},"content":{"rendered":"\t\t<div data-elementor-type=\"wp-page\" data-elementor-id=\"1598\" class=\"elementor elementor-1598 elementor-22\">\n\t\t\t\t\t\t\t\t\t<section class=\"elementor-section elementor-top-section elementor-element elementor-element-261730ea opal-box-clip elementor-section-full_width elementor-section-height-default elementor-section-height-default\" data-id=\"261730ea\" data-element_type=\"section\" id=\"soida_page_section_1\" data-settings=\"{&quot;background_background&quot;:&quot;classic&quot;}\">\n\t\t\t\t\t\t<div class=\"elementor-container elementor-column-gap-no\">\n\t\t\t\t\t<div class=\"elementor-column elementor-col-50 elementor-top-column elementor-element elementor-element-315c8b8\" data-id=\"315c8b8\" data-element_type=\"column\">\n\t\t\t<div class=\"elementor-widget-wrap elementor-element-populated\">\n\t\t\t\t\t\t\t\t<section class=\"elementor-section elementor-inner-section elementor-element elementor-element-6372eeca elementor-section-content-middle elementor-section-boxed elementor-section-height-default elementor-section-height-default\" data-id=\"6372eeca\" data-element_type=\"section\">\n\t\t\t\t\t\t<div class=\"elementor-container elementor-column-gap-no\">\n\t\t\t\t\t<div class=\"elementor-column elementor-col-100 elementor-inner-column elementor-element elementor-element-2ec8a8f9\" data-id=\"2ec8a8f9\" data-element_type=\"column\">\n\t\t\t<div class=\"elementor-widget-wrap elementor-element-populated\">\n\t\t\t\t\t\t\t\t<div class=\"elementor-element elementor-element-6a0d57b8 animated-fast elementor-invisible elementor-widget elementor-widget-text-editor\" data-id=\"6a0d57b8\" data-element_type=\"widget\" data-settings=\"{&quot;_animation&quot;:&quot;opal-move-up&quot;}\" data-widget_type=\"text-editor.default\">\n\t\t\t\t<div class=\"elementor-widget-container\">\n\t\t\t        <div class=\"elementor-text-editor elementor-clearfix\"><p>With <strong>high-quality products<\/strong>, SOIDA has a <strong>highly qualified team<\/strong> at customer service. In addition to mastering the transformation of products for the construction and maintenance of road and airport networks, <strong>the team also provides expert technical support for each work<\/strong>.<\/p><p>The production unit makes it possible to respond throughout the geographic area of \u200b\u200bAngola, <strong>ensuring a close relationship with the entire road and paving industry<\/strong>.<\/p><\/div>\n        \t\t<\/div>\n\t\t\t\t<\/div>\n\t\t\t\t\t<\/div>\n\t\t<\/div>\n\t\t\t\t\t\t\t<\/div>\n\t\t<\/section>\n\t\t\t\t\t<\/div>\n\t\t<\/div>\n\t\t\t\t<div class=\"elementor-column elementor-col-50 elementor-top-column elementor-element elementor-element-58513f46 col-animated\" data-id=\"58513f46\" data-element_type=\"column\" data-settings=\"{&quot;background_background&quot;:&quot;classic&quot;}\">\n\t\t\t<div class=\"elementor-widget-wrap elementor-element-populated\">\n\t\t\t\t\t\t\t\t<div class=\"elementor-element elementor-element-2ada399 elementor-hidden-desktop elementor-widget elementor-widget-spacer\" data-id=\"2ada399\" data-element_type=\"widget\" data-widget_type=\"spacer.default\">\n\t\t\t\t<div class=\"elementor-widget-container\">\n\t\t\t        <div class=\"elementor-spacer\">\n            <div class=\"elementor-spacer-inner\"><\/div>\n        <\/div>\n\t\t\t\t<\/div>\n\t\t\t\t<\/div>\n\t\t\t\t\t<\/div>\n\t\t<\/div>\n\t\t\t\t\t\t\t<\/div>\n\t\t<\/section>\n\t\t\t\t<section class=\"elementor-section elementor-top-section elementor-element elementor-element-36763c34 animated-fast elementor-section-boxed elementor-section-height-default elementor-section-height-default elementor-invisible\" data-id=\"36763c34\" data-element_type=\"section\" id=\"soida_home_section_1_column\" data-settings=\"{&quot;animation&quot;:&quot;opal-move-up&quot;}\">\n\t\t\t\t\t\t<div class=\"elementor-container elementor-column-gap-no\">\n\t\t\t\t\t<div class=\"elementor-column elementor-col-100 elementor-top-column elementor-element elementor-element-752d2108\" data-id=\"752d2108\" data-element_type=\"column\">\n\t\t\t<div class=\"elementor-widget-wrap elementor-element-populated\">\n\t\t\t\t\t\t\t\t<div class=\"elementor-element elementor-element-67e09d26 elementor-widget elementor-widget-opal-featured-box\" data-id=\"67e09d26\" data-element_type=\"widget\" id=\"soida_home_section_1\" data-settings=\"{&quot;columns&quot;:&quot;4&quot;,&quot;columns_tablet&quot;:&quot;2&quot;,&quot;columns_mobile&quot;:&quot;1&quot;}\" data-widget_type=\"opal-featured-box.default\">\n\t\t\t\t<div class=\"elementor-widget-container\">\n\t\t\t        <div class=\"elementor-featured-box-wrapper layout_4\">\n            <div class=\"row\" data-elementor-columns=\"4\" data-elementor-columns-tablet=\"2\" data-elementor-columns-mobile=\"1\">\n                                    <div class=\"elementor-featured-box-item column-item\">\n                                \n        \n        \n                    <div class=\"elementor-featured-box-meta-inner\">\n                <div class=\"elementor-featured-box-image\">\n                    <img decoding=\"async\" src=\"https:\/\/soida.co.ao\/wp-content\/uploads\/2021\/05\/soida-produtos-emulsoes.jpg\" title=\"soida-produtos-emulsoes\" alt=\"Emuls\u00f5es betuminosas Soida\" loading=\"lazy\" \/>                <\/div>\n                <div class=\"item-box\">\n                    <div class=\"elementor-featured-box-content\">\n                                                <div class=\"elementor-featured-box-name\"><a href=\"https:\/\/soida.co.ao\/en\/bituminous-emulsions\/\">Conventional Bituminous <br> Emulsions<\/a><\/div>\n                        <div class=\"elementor-featured-box-button\"><a href=\"https:\/\/soida.co.ao\/en\/bituminous-emulsions\/\"> <i class=\"opal-icon-long-arrow-right\" aria-hidden=\"true\"><\/i><\/a><\/div>\n\n                    <\/div>\n                <\/div>\n            <\/div>\n        \n        \n                            <\/div>\n                                    <div class=\"elementor-featured-box-item column-item\">\n                                \n        \n        \n                    <div class=\"elementor-featured-box-meta-inner\">\n                <div class=\"elementor-featured-box-image\">\n                    <img decoding=\"async\" src=\"https:\/\/soida.co.ao\/wp-content\/uploads\/2021\/05\/soida-produtos-lamas.jpg\" title=\"soida-produtos-lamas\" alt=\"Lamas Asf\u00e1lticas e Slurry Seal\" loading=\"lazy\" \/>                <\/div>\n                <div class=\"item-box\">\n                    <div class=\"elementor-featured-box-content\">\n                                                <div class=\"elementor-featured-box-name\"><a href=\"https:\/\/soida.co.ao\/en\/asphalt-sludge\/\">Asphalt Slurry <br>Slurry Seal<\/a><\/div>\n                        <div class=\"elementor-featured-box-button\"><a href=\"https:\/\/soida.co.ao\/en\/asphalt-sludge\/\"> <i class=\"opal-icon-long-arrow-right\" aria-hidden=\"true\"><\/i><\/a><\/div>\n\n                    <\/div>\n                <\/div>\n            <\/div>\n        \n        \n                            <\/div>\n                                    <div class=\"elementor-featured-box-item column-item\">\n                                \n        \n        \n                    <div class=\"elementor-featured-box-meta-inner\">\n                <div class=\"elementor-featured-box-image\">\n                    <img decoding=\"async\" src=\"https:\/\/soida.co.ao\/wp-content\/uploads\/2021\/05\/soida-produtos-betume.jpg\" title=\"soida-produtos-betume\" alt=\"trabalhador com Betume Asf\u00e1ltico Fluidificado - Cut Back\" loading=\"lazy\" \/>                <\/div>\n                <div class=\"item-box\">\n                    <div class=\"elementor-featured-box-content\">\n                                                <div class=\"elementor-featured-box-name\"><a href=\"https:\/\/soida.co.ao\/en\/fluidized-asphalt-bitumen\/\">Fluid Asphalt <br> Bitumen - Cut Back<\/a><\/div>\n                        <div class=\"elementor-featured-box-button\"><a href=\"https:\/\/soida.co.ao\/en\/fluidized-asphalt-bitumen\/\"> <i class=\"opal-icon-long-arrow-right\" aria-hidden=\"true\"><\/i><\/a><\/div>\n\n                    <\/div>\n                <\/div>\n            <\/div>\n        \n        \n                            <\/div>\n                                    <div class=\"elementor-featured-box-item column-item\">\n                                \n        \n        \n                    <div class=\"elementor-featured-box-meta-inner\">\n                <div class=\"elementor-featured-box-image\">\n                    <img decoding=\"async\" src=\"https:\/\/soida.co.ao\/wp-content\/uploads\/2021\/05\/soida-produtos-misturas.jpg\" title=\"soida-produtos-misturas\" alt=\"rodovia e maquina\" loading=\"lazy\" \/>                <\/div>\n                <div class=\"item-box\">\n                    <div class=\"elementor-featured-box-content\">\n                                                <div class=\"elementor-featured-box-name\"><a href=\"https:\/\/soida.co.ao\/en\/bituminous-mixes\/\">Cold Open <br> Bituminous mixes<\/a><\/div>\n                        <div class=\"elementor-featured-box-button\"><a href=\"https:\/\/soida.co.ao\/en\/bituminous-mixes\/\"> <i class=\"opal-icon-long-arrow-right\" aria-hidden=\"true\"><\/i><\/a><\/div>\n\n                    <\/div>\n                <\/div>\n            <\/div>\n        \n        \n                            <\/div>\n                            <\/div>\n        <\/div>\n        \t\t<\/div>\n\t\t\t\t<\/div>\n\t\t\t\t\t<\/div>\n\t\t<\/div>\n\t\t\t\t\t\t\t<\/div>\n\t\t<\/section>\n\t\t\t\t\t\t\t<\/div>\n\t\t","protected":false},"excerpt":{"rendered":"<p>With high-quality products, SOIDA has a highly qualified team at customer service. In addition to mastering the transformation of products for the construction and maintenance of road and airport networks, the team also provides expert technical support for each work. The production unit makes it possible to respond throughout the geographic area of \u200b\u200bAngola, ensuring &hellip; <\/p>\n<p class=\"link-more\"><a href=\"https:\/\/soida.co.ao\/en\/asphalt-derivatives\/\" class=\"more-link\">Read More <i class=\"opal-icon-long-arrow-right\"><\/i><span class=\"screen-reader-text\"> &#8220;Asphalt Derivatives&#8221;<\/span><\/a><\/p>\n","protected":false},"author":1,"featured_media":0,"parent":0,"menu_order":0,"comment_status":"closed","ping_status":"closed","template":"page-elementor.php","meta":{"inline_featured_image":false,"footnotes":""},"class_list":["post-1598","page","type-page","status-publish","hentry"],"yoast_head":"<!-- This site is optimized with the Yoast SEO plugin v25.3.1 - https:\/\/yoast.com\/wordpress\/plugins\/seo\/ -->\n<title>Asphalt Derivatives - Soida<\/title>\n<meta name=\"robots\" content=\"index, follow, max-snippet:-1, max-image-preview:large, max-video-preview:-1\" \/>\n<link rel=\"canonical\" href=\"https:\/\/soida.co.ao\/en\/asphalt-derivatives\/\" \/>\n<meta property=\"og:locale\" content=\"en_US\" \/>\n<meta property=\"og:type\" content=\"article\" \/>\n<meta property=\"og:title\" content=\"Asphalt Derivatives - Soida\" \/>\n<meta property=\"og:description\" content=\"With high-quality products, SOIDA has a highly qualified team at customer service. In addition to mastering the transformation of products for the construction and maintenance of road and airport networks, the team also provides expert technical support for each work. The production unit makes it possible to respond throughout the geographic area of \u200b\u200bAngola, ensuring &hellip; Read More &quot;Asphalt Derivatives&quot;\" \/>\n<meta property=\"og:url\" content=\"https:\/\/soida.co.ao\/en\/asphalt-derivatives\/\" \/>\n<meta property=\"og:site_name\" content=\"Soida\" \/>\n<meta property=\"article:modified_time\" content=\"2022-01-21T15:32:54+00:00\" \/>\n<meta property=\"og:image\" content=\"https:\/\/soida.co.ao\/wp-content\/uploads\/2021\/05\/soida-produtos-emulsoes.jpg\" \/>\n<meta name=\"twitter:card\" content=\"summary_large_image\" \/>\n<meta name=\"twitter:label1\" content=\"Est. reading time\" \/>\n\t<meta name=\"twitter:data1\" content=\"2 minutes\" \/>\n<script type=\"application\/ld+json\" class=\"yoast-schema-graph\">{\"@context\":\"https:\/\/schema.org\",\"@graph\":[{\"@type\":\"WebPage\",\"@id\":\"https:\/\/soida.co.ao\/en\/asphalt-derivatives\/\",\"url\":\"https:\/\/soida.co.ao\/en\/asphalt-derivatives\/\",\"name\":\"Asphalt Derivatives - Soida\",\"isPartOf\":{\"@id\":\"https:\/\/soida.co.ao\/en\/#website\"},\"primaryImageOfPage\":{\"@id\":\"https:\/\/soida.co.ao\/en\/asphalt-derivatives\/#primaryimage\"},\"image\":{\"@id\":\"https:\/\/soida.co.ao\/en\/asphalt-derivatives\/#primaryimage\"},\"thumbnailUrl\":\"https:\/\/soida.co.ao\/wp-content\/uploads\/2021\/05\/soida-produtos-emulsoes.jpg\",\"datePublished\":\"2021-12-07T11:46:13+00:00\",\"dateModified\":\"2022-01-21T15:32:54+00:00\",\"breadcrumb\":{\"@id\":\"https:\/\/soida.co.ao\/en\/asphalt-derivatives\/#breadcrumb\"},\"inLanguage\":\"en-US\",\"potentialAction\":[{\"@type\":\"ReadAction\",\"target\":[\"https:\/\/soida.co.ao\/en\/asphalt-derivatives\/\"]}]},{\"@type\":\"ImageObject\",\"inLanguage\":\"en-US\",\"@id\":\"https:\/\/soida.co.ao\/en\/asphalt-derivatives\/#primaryimage\",\"url\":\"https:\/\/soida.co.ao\/wp-content\/uploads\/2021\/05\/soida-produtos-emulsoes.jpg\",\"contentUrl\":\"https:\/\/soida.co.ao\/wp-content\/uploads\/2021\/05\/soida-produtos-emulsoes.jpg\"},{\"@type\":\"BreadcrumbList\",\"@id\":\"https:\/\/soida.co.ao\/en\/asphalt-derivatives\/#breadcrumb\",\"itemListElement\":[{\"@type\":\"ListItem\",\"position\":1,\"name\":\"In\u00edcio\",\"item\":\"https:\/\/soida.co.ao\/en\/\"},{\"@type\":\"ListItem\",\"position\":2,\"name\":\"Asphalt Derivatives\"}]},{\"@type\":\"WebSite\",\"@id\":\"https:\/\/soida.co.ao\/en\/#website\",\"url\":\"https:\/\/soida.co.ao\/en\/\",\"name\":\"Soida\",\"description\":\"Transforma\u00e7\u00e3o de Betume e Produ\u00e7\u00e3o de Derivados de Asf\u00e1lticos\",\"publisher\":{\"@id\":\"https:\/\/soida.co.ao\/en\/#organization\"},\"potentialAction\":[{\"@type\":\"SearchAction\",\"target\":{\"@type\":\"EntryPoint\",\"urlTemplate\":\"https:\/\/soida.co.ao\/en\/?s={search_term_string}\"},\"query-input\":{\"@type\":\"PropertyValueSpecification\",\"valueRequired\":true,\"valueName\":\"search_term_string\"}}],\"inLanguage\":\"en-US\"},{\"@type\":\"Organization\",\"@id\":\"https:\/\/soida.co.ao\/en\/#organization\",\"name\":\"Soida\",\"url\":\"https:\/\/soida.co.ao\/en\/\",\"logo\":{\"@type\":\"ImageObject\",\"inLanguage\":\"en-US\",\"@id\":\"https:\/\/soida.co.ao\/en\/#\/schema\/logo\/image\/\",\"url\":\"https:\/\/soida.co.ao\/wp-content\/uploads\/2021\/04\/logo_soida.png\",\"contentUrl\":\"https:\/\/soida.co.ao\/wp-content\/uploads\/2021\/04\/logo_soida.png\",\"width\":1182,\"height\":338,\"caption\":\"Soida\"},\"image\":{\"@id\":\"https:\/\/soida.co.ao\/en\/#\/schema\/logo\/image\/\"}}]}<\/script>\n<!-- \/ Yoast SEO plugin. -->","yoast_head_json":{"title":"Asphalt Derivatives - Soida","robots":{"index":"index","follow":"follow","max-snippet":"max-snippet:-1","max-image-preview":"max-image-preview:large","max-video-preview":"max-video-preview:-1"},"canonical":"https:\/\/soida.co.ao\/en\/asphalt-derivatives\/","og_locale":"en_US","og_type":"article","og_title":"Asphalt Derivatives - Soida","og_description":"With high-quality products, SOIDA has a highly qualified team at customer service. In addition to mastering the transformation of products for the construction and maintenance of road and airport networks, the team also provides expert technical support for each work. The production unit makes it possible to respond throughout the geographic area of \u200b\u200bAngola, ensuring &hellip; Read More \"Asphalt Derivatives\"","og_url":"https:\/\/soida.co.ao\/en\/asphalt-derivatives\/","og_site_name":"Soida","article_modified_time":"2022-01-21T15:32:54+00:00","og_image":[{"url":"https:\/\/soida.co.ao\/wp-content\/uploads\/2021\/05\/soida-produtos-emulsoes.jpg","type":"","width":"","height":""}],"twitter_card":"summary_large_image","twitter_misc":{"Est. reading time":"2 minutes"},"schema":{"@context":"https:\/\/schema.org","@graph":[{"@type":"WebPage","@id":"https:\/\/soida.co.ao\/en\/asphalt-derivatives\/","url":"https:\/\/soida.co.ao\/en\/asphalt-derivatives\/","name":"Asphalt Derivatives - Soida","isPartOf":{"@id":"https:\/\/soida.co.ao\/en\/#website"},"primaryImageOfPage":{"@id":"https:\/\/soida.co.ao\/en\/asphalt-derivatives\/#primaryimage"},"image":{"@id":"https:\/\/soida.co.ao\/en\/asphalt-derivatives\/#primaryimage"},"thumbnailUrl":"https:\/\/soida.co.ao\/wp-content\/uploads\/2021\/05\/soida-produtos-emulsoes.jpg","datePublished":"2021-12-07T11:46:13+00:00","dateModified":"2022-01-21T15:32:54+00:00","breadcrumb":{"@id":"https:\/\/soida.co.ao\/en\/asphalt-derivatives\/#breadcrumb"},"inLanguage":"en-US","potentialAction":[{"@type":"ReadAction","target":["https:\/\/soida.co.ao\/en\/asphalt-derivatives\/"]}]},{"@type":"ImageObject","inLanguage":"en-US","@id":"https:\/\/soida.co.ao\/en\/asphalt-derivatives\/#primaryimage","url":"https:\/\/soida.co.ao\/wp-content\/uploads\/2021\/05\/soida-produtos-emulsoes.jpg","contentUrl":"https:\/\/soida.co.ao\/wp-content\/uploads\/2021\/05\/soida-produtos-emulsoes.jpg"},{"@type":"BreadcrumbList","@id":"https:\/\/soida.co.ao\/en\/asphalt-derivatives\/#breadcrumb","itemListElement":[{"@type":"ListItem","position":1,"name":"In\u00edcio","item":"https:\/\/soida.co.ao\/en\/"},{"@type":"ListItem","position":2,"name":"Asphalt Derivatives"}]},{"@type":"WebSite","@id":"https:\/\/soida.co.ao\/en\/#website","url":"https:\/\/soida.co.ao\/en\/","name":"Soida","description":"Transforma\u00e7\u00e3o de Betume e Produ\u00e7\u00e3o de Derivados de Asf\u00e1lticos","publisher":{"@id":"https:\/\/soida.co.ao\/en\/#organization"},"potentialAction":[{"@type":"SearchAction","target":{"@type":"EntryPoint","urlTemplate":"https:\/\/soida.co.ao\/en\/?s={search_term_string}"},"query-input":{"@type":"PropertyValueSpecification","valueRequired":true,"valueName":"search_term_string"}}],"inLanguage":"en-US"},{"@type":"Organization","@id":"https:\/\/soida.co.ao\/en\/#organization","name":"Soida","url":"https:\/\/soida.co.ao\/en\/","logo":{"@type":"ImageObject","inLanguage":"en-US","@id":"https:\/\/soida.co.ao\/en\/#\/schema\/logo\/image\/","url":"https:\/\/soida.co.ao\/wp-content\/uploads\/2021\/04\/logo_soida.png","contentUrl":"https:\/\/soida.co.ao\/wp-content\/uploads\/2021\/04\/logo_soida.png","width":1182,"height":338,"caption":"Soida"},"image":{"@id":"https:\/\/soida.co.ao\/en\/#\/schema\/logo\/image\/"}}]}},"_links":{"self":[{"href":"https:\/\/soida.co.ao\/en\/wp-json\/wp\/v2\/pages\/1598","targetHints":{"allow":["GET"]}}],"collection":[{"href":"https:\/\/soida.co.ao\/en\/wp-json\/wp\/v2\/pages"}],"about":[{"href":"https:\/\/soida.co.ao\/en\/wp-json\/wp\/v2\/types\/page"}],"author":[{"embeddable":true,"href":"https:\/\/soida.co.ao\/en\/wp-json\/wp\/v2\/users\/1"}],"replies":[{"embeddable":true,"href":"https:\/\/soida.co.ao\/en\/wp-json\/wp\/v2\/comments?post=1598"}],"version-history":[{"count":19,"href":"https:\/\/soida.co.ao\/en\/wp-json\/wp\/v2\/pages\/1598\/revisions"}],"predecessor-version":[{"id":2477,"href":"https:\/\/soida.co.ao\/en\/wp-json\/wp\/v2\/pages\/1598\/revisions\/2477"}],"wp:attachment":[{"href":"https:\/\/soida.co.ao\/en\/wp-json\/wp\/v2\/media?parent=1598"}],"curies":[{"name":"wp","href":"https:\/\/api.w.org\/{rel}","templated":true}]}}